{"id":271,"date":"2022-11-18T11:19:06","date_gmt":"2022-11-18T16:19:06","guid":{"rendered":"http:\/\/ppr-04.eproofs.ca\/politique-sur-la-confidentialite\/"},"modified":"2022-12-06T10:31:21","modified_gmt":"2022-12-06T15:31:21","slug":"politique-sur-la-confidentialite","status":"publish","type":"page","link":"https:\/\/pprc.ca\/fr\/politique-sur-la-confidentialite\/","title":{"rendered":"Politique sur la confidentialit\u00e9"},"content":{"rendered":"<h2 class=\"wp-block-heading\">Politique sur la confidentialit\u00e9<\/h2><ol class=\"wp-block-list\"><li>Performance Plus \u2013 Soins en R\u00e9adaptation inc. (PPSR) ne recueille que l\u2019information personnelle que vous nous fournissez volontairement, par exemple, en remplissant un formulaire ou en r\u00e9pondant \u00e0 un sondage.<\/li>\n\n<li>Performance Plus \u2013 Soins en R\u00e9adaptation inc. (PPSR) ne vends ni ne pr\u00eate en aucun cas vos renseignements personnels \u00e0 aucun groupe marketing repr\u00e9sentant une tierce partie.<\/li>\n\n<li>Il se peut que l\u2019on recueille de l\u2019information concernant le trafic sur notre site Web afin de pouvoir continuer \u00e0 d\u00e9velopper notre site de mani\u00e8re \u00e0 toujours r\u00e9pondre le mieux \u00e0 vos besoins. Cette compilation d\u2019informations n\u2019inclut pas vos renseignements personnels, mais seulement l\u2019information relative \u00e0 votre visite sur le site, par exemple :<\/li>\n\n<li>Le nom de votre fournisseur d\u2019acc\u00e8s Internet, son adresse IP et le nom de votre service aupr\u00e8s du fournisseur d\u2019acc\u00e8s.<\/li>\n\n<li>La dur\u00e9e de chacune des visites.<\/li>\n\n<li>Le nombre de requ\u00eates par visite.<\/li>\n\n<li>Votre type de syst\u00e8me d\u2019exploitation (Windows, MacIntosh, Unix, etc.)<\/li>\n\n<li>Votre type de navigateur ( Netscape, Internet Explorer, etc.)<\/li>\n\n<li>Les Canadiens et Canadiennes sont prot\u00e9g\u00e9s par deux lois f\u00e9d\u00e9rales sur la protection de vie priv\u00e9e, la Loi sur la protection des renseignements personnels et la Loi sur la protection des renseignements personnels et les documents \u00e9lectroniques (LPRPDE). La LPRPDE est bas\u00e9e sur le Code type sur la protection des renseignements personnels de la Norme nationale du Canada, lequel a \u00e9t\u00e9 int\u00e9gr\u00e9 \u00e0 la Loi. Les organisations situ\u00e9es au Qu\u00e9bec doivent respecter la Loi sur la protection des renseignements personnels dans le secteur priv\u00e9 du Qu\u00e9bec. L&rsquo;application et le respect de la loi est entre les mains de la Commission d\u2019acc\u00e8s \u00e0 l\u2019information.   <br\/><br\/>Pour toute question concernant notre Politique sur la confidentialit\u00e9 et la protection de la vie priv\u00e9e, veuillez contacter Ian Grant, Responsable de la protection de la vie priv\u00e9e, au 1-800-427-6214 ou au <a href=\"mailto:igrant@pprc.ca\">igrant@pprc.ca<\/a>.<\/li><\/ol>","protected":false},"excerpt":{"rendered":"<p>Politique sur la confidentialit\u00e9<\/p>\n","protected":false},"author":1,"featured_media":0,"parent":0,"menu_order":0,"comment_status":"closed","ping_status":"closed","template":"","meta":{"inline_featured_image":false,"_lmt_disableupdate":"","_lmt_disable":"","footnotes":""},"class_list":["post-271","page","type-page","status-publish","hentry"],"acf":[],"yoast_head":"<!-- This site is optimized with the Yoast SEO plugin v21.7 - https:\/\/yoast.com\/wordpress\/plugins\/seo\/ -->\n<title>Programme ontarien de soutien aux personnes handicap\u00e9es | Services aux personnes handicap\u00e9es \u2013 Ottawa | Politique sur la confidentialit\u00e9 et la protection de la vie priv\u00e9e<\/title>\n<meta name=\"description\" content=\"Performance Plus \u2013 Soins en R\u00e9adaptation est une compagnie bilingue sp\u00e9cialis\u00e9e en r\u00e9adaptation et offrant des services d\u2019\u00e9valuation, d\u2019ajustement \u00e0 un handicap et d\u2019aide au retour au travail\" \/>\n<meta name=\"robots\" content=\"index, follow, max-snippet:-1, max-image-preview:large, max-video-preview:-1\" \/>\n<link rel=\"canonical\" href=\"https:\/\/pprc.ca\/fr\/politique-sur-la-confidentialite\/\" \/>\n<meta property=\"og:locale\" content=\"fr_FR\" \/>\n<meta property=\"og:type\" content=\"article\" \/>\n<meta property=\"og:title\" content=\"Programme ontarien de soutien aux personnes handicap\u00e9es | Services aux personnes handicap\u00e9es \u2013 Ottawa | Politique sur la confidentialit\u00e9 et la protection de la vie priv\u00e9e\" \/>\n<meta property=\"og:description\" content=\"Performance Plus \u2013 Soins en R\u00e9adaptation est une compagnie bilingue sp\u00e9cialis\u00e9e en r\u00e9adaptation et offrant des services d\u2019\u00e9valuation, d\u2019ajustement \u00e0 un handicap et d\u2019aide au retour au travail\" \/>\n<meta property=\"og:url\" content=\"https:\/\/pprc.ca\/fr\/politique-sur-la-confidentialite\/\" \/>\n<meta property=\"og:site_name\" content=\"Performance Plus - Soins en R\u00e9adaptation inc.\" \/>\n<meta property=\"article:publisher\" content=\"https:\/\/www.facebook.com\/Performance-Plus-Rehabilitative-Care-Inc-172441926133114\/\" \/>\n<meta property=\"article:modified_time\" content=\"2022-12-06T15:31:21+00:00\" \/>\n<meta name=\"twitter:card\" content=\"summary_large_image\" \/>\n<meta name=\"twitter:site\" content=\"@PPRCOttawa\" \/>\n<meta name=\"twitter:label1\" content=\"Dur\u00e9e de lecture estim\u00e9e\" \/>\n\t<meta name=\"twitter:data1\" content=\"2 minutes\" \/>\n<script type=\"application\/ld+json\" class=\"yoast-schema-graph\">{\"@context\":\"https:\/\/schema.org\",\"@graph\":[{\"@type\":\"WebPage\",\"@id\":\"https:\/\/pprc.ca\/fr\/politique-sur-la-confidentialite\/\",\"url\":\"https:\/\/pprc.ca\/fr\/politique-sur-la-confidentialite\/\",\"name\":\"Programme ontarien de soutien aux personnes handicap\u00e9es | Services aux personnes handicap\u00e9es \u2013 Ottawa | Politique sur la confidentialit\u00e9 et la protection de la vie priv\u00e9e\",\"isPartOf\":{\"@id\":\"https:\/\/pprc.ca\/fr\/#website\"},\"datePublished\":\"2022-11-18T16:19:06+00:00\",\"dateModified\":\"2022-12-06T15:31:21+00:00\",\"description\":\"Performance Plus \u2013 Soins en R\u00e9adaptation est une compagnie bilingue sp\u00e9cialis\u00e9e en r\u00e9adaptation et offrant des services d\u2019\u00e9valuation, d\u2019ajustement \u00e0 un handicap et d\u2019aide au retour au travail\",\"breadcrumb\":{\"@id\":\"https:\/\/pprc.ca\/fr\/politique-sur-la-confidentialite\/#breadcrumb\"},\"inLanguage\":\"fr-FR\",\"potentialAction\":[{\"@type\":\"ReadAction\",\"target\":[\"https:\/\/pprc.ca\/fr\/politique-sur-la-confidentialite\/\"]}]},{\"@type\":\"BreadcrumbList\",\"@id\":\"https:\/\/pprc.ca\/fr\/politique-sur-la-confidentialite\/#breadcrumb\",\"itemListElement\":[{\"@type\":\"ListItem\",\"position\":1,\"name\":\"Accueil\",\"item\":\"https:\/\/pprc.ca\/fr\/\"},{\"@type\":\"ListItem\",\"position\":2,\"name\":\"Politique sur la confidentialit\u00e9\"}]},{\"@type\":\"WebSite\",\"@id\":\"https:\/\/pprc.ca\/fr\/#website\",\"url\":\"https:\/\/pprc.ca\/fr\/\",\"name\":\"Performance Plus - Soins en R\u00e9adaptation inc.\",\"description\":\"\",\"publisher\":{\"@id\":\"https:\/\/pprc.ca\/fr\/#organization\"},\"potentialAction\":[{\"@type\":\"SearchAction\",\"target\":{\"@type\":\"EntryPoint\",\"urlTemplate\":\"https:\/\/pprc.ca\/fr\/?s={search_term_string}\"},\"query-input\":\"required name=search_term_string\"}],\"inLanguage\":\"fr-FR\"},{\"@type\":\"Organization\",\"@id\":\"https:\/\/pprc.ca\/fr\/#organization\",\"name\":\"Performance Plus - Soins en R\u00e9adaptation inc.\",\"url\":\"https:\/\/pprc.ca\/fr\/\",\"logo\":{\"@type\":\"ImageObject\",\"inLanguage\":\"fr-FR\",\"@id\":\"https:\/\/pprc.ca\/fr\/#\/schema\/logo\/image\/\",\"url\":\"https:\/\/pprc.ca\/wp-content\/uploads\/2022\/12\/PPSR-logo-icon-1.png\",\"contentUrl\":\"https:\/\/pprc.ca\/wp-content\/uploads\/2022\/12\/PPSR-logo-icon-1.png\",\"width\":158,\"height\":148,\"caption\":\"Performance Plus - Soins en R\u00e9adaptation inc.\"},\"image\":{\"@id\":\"https:\/\/pprc.ca\/fr\/#\/schema\/logo\/image\/\"},\"sameAs\":[\"https:\/\/www.facebook.com\/Performance-Plus-Rehabilitative-Care-Inc-172441926133114\/\",\"https:\/\/twitter.com\/PPRCOttawa\",\"https:\/\/www.youtube.com\/channel\/UCBnhuJDUkY4Qmi94FKUKbSQ\",\"https:\/\/www.linkedin.com\/company\/performance-plus-rehabilitative-care-inc.\/\"]}]}<\/script>\n<!-- \/ Yoast SEO plugin. -->","yoast_head_json":{"title":"Programme ontarien de soutien aux personnes handicap\u00e9es | Services aux personnes handicap\u00e9es \u2013 Ottawa | Politique sur la confidentialit\u00e9 et la protection de la vie priv\u00e9e","description":"Performance Plus \u2013 Soins en R\u00e9adaptation est une compagnie bilingue sp\u00e9cialis\u00e9e en r\u00e9adaptation et offrant des services d\u2019\u00e9valuation, d\u2019ajustement \u00e0 un handicap et d\u2019aide au retour au travail","robots":{"index":"index","follow":"follow","max-snippet":"max-snippet:-1","max-image-preview":"max-image-preview:large","max-video-preview":"max-video-preview:-1"},"canonical":"https:\/\/pprc.ca\/fr\/politique-sur-la-confidentialite\/","og_locale":"fr_FR","og_type":"article","og_title":"Programme ontarien de soutien aux personnes handicap\u00e9es | Services aux personnes handicap\u00e9es \u2013 Ottawa | Politique sur la confidentialit\u00e9 et la protection de la vie priv\u00e9e","og_description":"Performance Plus \u2013 Soins en R\u00e9adaptation est une compagnie bilingue sp\u00e9cialis\u00e9e en r\u00e9adaptation et offrant des services d\u2019\u00e9valuation, d\u2019ajustement \u00e0 un handicap et d\u2019aide au retour au travail","og_url":"https:\/\/pprc.ca\/fr\/politique-sur-la-confidentialite\/","og_site_name":"Performance Plus - Soins en R\u00e9adaptation inc.","article_publisher":"https:\/\/www.facebook.com\/Performance-Plus-Rehabilitative-Care-Inc-172441926133114\/","article_modified_time":"2022-12-06T15:31:21+00:00","twitter_card":"summary_large_image","twitter_site":"@PPRCOttawa","twitter_misc":{"Dur\u00e9e de lecture estim\u00e9e":"2 minutes"},"schema":{"@context":"https:\/\/schema.org","@graph":[{"@type":"WebPage","@id":"https:\/\/pprc.ca\/fr\/politique-sur-la-confidentialite\/","url":"https:\/\/pprc.ca\/fr\/politique-sur-la-confidentialite\/","name":"Programme ontarien de soutien aux personnes handicap\u00e9es | Services aux personnes handicap\u00e9es \u2013 Ottawa | Politique sur la confidentialit\u00e9 et la protection de la vie priv\u00e9e","isPartOf":{"@id":"https:\/\/pprc.ca\/fr\/#website"},"datePublished":"2022-11-18T16:19:06+00:00","dateModified":"2022-12-06T15:31:21+00:00","description":"Performance Plus \u2013 Soins en R\u00e9adaptation est une compagnie bilingue sp\u00e9cialis\u00e9e en r\u00e9adaptation et offrant des services d\u2019\u00e9valuation, d\u2019ajustement \u00e0 un handicap et d\u2019aide au retour au travail","breadcrumb":{"@id":"https:\/\/pprc.ca\/fr\/politique-sur-la-confidentialite\/#breadcrumb"},"inLanguage":"fr-FR","potentialAction":[{"@type":"ReadAction","target":["https:\/\/pprc.ca\/fr\/politique-sur-la-confidentialite\/"]}]},{"@type":"BreadcrumbList","@id":"https:\/\/pprc.ca\/fr\/politique-sur-la-confidentialite\/#breadcrumb","itemListElement":[{"@type":"ListItem","position":1,"name":"Accueil","item":"https:\/\/pprc.ca\/fr\/"},{"@type":"ListItem","position":2,"name":"Politique sur la confidentialit\u00e9"}]},{"@type":"WebSite","@id":"https:\/\/pprc.ca\/fr\/#website","url":"https:\/\/pprc.ca\/fr\/","name":"Performance Plus - Soins en R\u00e9adaptation inc.","description":"","publisher":{"@id":"https:\/\/pprc.ca\/fr\/#organization"},"potentialAction":[{"@type":"SearchAction","target":{"@type":"EntryPoint","urlTemplate":"https:\/\/pprc.ca\/fr\/?s={search_term_string}"},"query-input":"required name=search_term_string"}],"inLanguage":"fr-FR"},{"@type":"Organization","@id":"https:\/\/pprc.ca\/fr\/#organization","name":"Performance Plus - Soins en R\u00e9adaptation inc.","url":"https:\/\/pprc.ca\/fr\/","logo":{"@type":"ImageObject","inLanguage":"fr-FR","@id":"https:\/\/pprc.ca\/fr\/#\/schema\/logo\/image\/","url":"https:\/\/pprc.ca\/wp-content\/uploads\/2022\/12\/PPSR-logo-icon-1.png","contentUrl":"https:\/\/pprc.ca\/wp-content\/uploads\/2022\/12\/PPSR-logo-icon-1.png","width":158,"height":148,"caption":"Performance Plus - Soins en R\u00e9adaptation inc."},"image":{"@id":"https:\/\/pprc.ca\/fr\/#\/schema\/logo\/image\/"},"sameAs":["https:\/\/www.facebook.com\/Performance-Plus-Rehabilitative-Care-Inc-172441926133114\/","https:\/\/twitter.com\/PPRCOttawa","https:\/\/www.youtube.com\/channel\/UCBnhuJDUkY4Qmi94FKUKbSQ","https:\/\/www.linkedin.com\/company\/performance-plus-rehabilitative-care-inc.\/"]}]}},"jetpack_sharing_enabled":true,"_links":{"self":[{"href":"https:\/\/pprc.ca\/fr\/wp-json\/wp\/v2\/pages\/271","targetHints":{"allow":["GET"]}}],"collection":[{"href":"https:\/\/pprc.ca\/fr\/wp-json\/wp\/v2\/pages"}],"about":[{"href":"https:\/\/pprc.ca\/fr\/wp-json\/wp\/v2\/types\/page"}],"author":[{"embeddable":true,"href":"https:\/\/pprc.ca\/fr\/wp-json\/wp\/v2\/users\/1"}],"replies":[{"embeddable":true,"href":"https:\/\/pprc.ca\/fr\/wp-json\/wp\/v2\/comments?post=271"}],"version-history":[{"count":1,"href":"https:\/\/pprc.ca\/fr\/wp-json\/wp\/v2\/pages\/271\/revisions"}],"predecessor-version":[{"id":272,"href":"https:\/\/pprc.ca\/fr\/wp-json\/wp\/v2\/pages\/271\/revisions\/272"}],"wp:attachment":[{"href":"https:\/\/pprc.ca\/fr\/wp-json\/wp\/v2\/media?parent=271"}],"curies":[{"name":"wp","href":"https:\/\/api.w.org\/{rel}","templated":true}]}}