{"id":488,"date":"2022-12-02T15:42:55","date_gmt":"2022-12-02T20:42:55","guid":{"rendered":"http:\/\/ppr-04.eproofs.ca\/non-responsabilite-legale\/"},"modified":"2022-12-14T09:11:05","modified_gmt":"2022-12-14T14:11:05","slug":"non-responsabilite-legale","status":"publish","type":"page","link":"https:\/\/pprc.ca\/fr\/non-responsabilite-legale\/","title":{"rendered":"Non-responsabilit\u00e9 l\u00e9gale"},"content":{"rendered":"<h1 class=\"wp-block-heading\">Non-responsabilit\u00e9 l\u00e9gale<\/h1><p>NOTE : Veuillez lire cet avis de non-responsabilit\u00e9 au complet avant d\u2019utiliser notre site Web.<\/p><p>Pour les besoins de cet avis de non-responsabilit\u00e9, Performance Plus \u2013 Soins en R\u00e9adaptation inc. (PPSR) sera appel\u00e9e \u00ab La Compagnie \u00bb<\/p><h2 class=\"wp-block-heading\">Avis g\u00e9n\u00e9ral de non-responsabilit\u00e9<\/h2><p>LES SERVICES ET LE CONTENU SUR ET EN PROVENANCE DE CE SITE SONT FOURNIS \u00ab TEL QUE TEL \u00bb, TELS QUE DISPONIBLES \u00bb ET TOUTE GARANTIE, EXPRESSE OU IMPLICITE FAIT L\u2019OBJET D\u2019UNE D\u00c9N\u00c9GATION DE RESPONSABILIT\u00c9 (INCLUANT, MAIS SANS S&rsquo;Y LIMITER, LA NON-RESPONSABILIT\u00c9 DE TOUTE GARANTIE IMPLICITE DE QUALIT\u00c9 MARCHANDE ET DE CONFORMIT\u00c9 \u00c0 UN USAGE PARTICULIER). L\u2019INFORMATION RELAT\u00c9E SUR CE SITE PEUT FAIRE L\u2019OBJET DE BOGUES, ERREURS, PROBL\u00c8MES OU AUTRES SITUATIONS LIMITATIVES. LE PROPRI\u00c9TAIRE DU SITE NE SERA EN AUCUN CAS TENU RESPONSABLE DE QUELQUE ERREUR OU OMISSION QUE CE SOIT DANS LE CONTENU \u00c9CRIT DE CE SITE.<\/p><p>L\u2019utilisateur consent \u00e0 indemniser, d\u00e9fendre et garantir le Propri\u00e9taire et ses affili\u00e9s, donneurs de licences, fournisseurs de contenu et de service, \u00e9diteurs participants, auteurs, concessionnaires et autres fournisseurs contre tout dommage, responsabilit\u00e9, perte, r\u00e9clamation et d\u00e9pense, incluant les frais et honoraires d\u2019avocats en lien avec la violation de cette Entente par l\u2019utilisateur ou l\u2019utilisation du site Web.\r\n\r\nLe propri\u00e9taire n\u2019est en aucun cas responsable de tout dommage \u00e9ventuel occasionn\u00e9 par des virus contenus au sein des fichiers \u00e9lectroniques ou sur le site.<\/p><h3 class=\"wp-block-heading\">Hyperliens<\/h3><p>Ce site renferme des liens menant vers d\u2019autres sites Internet. Ces liens ne refl\u00e8tent en aucun cas un parrainage quelconque de quelque produit ou service que ce soit mentionn\u00e9 sur ces sites, et aucune information relat\u00e9e sur ces sites n&rsquo;est appuy\u00e9e ou approuv\u00e9 par la COMPAGNIE.<\/p><h3 class=\"wp-block-heading\">Soumissions<\/h3><p>Toute remarque, suggestion, id\u00e9e, image ou autre information communiqu\u00e9e \u00e0 la COMPAGNIE par le biais de ce site (collectivement, les \u00ab Soumissions \u00bb) deviendra la propri\u00e9t\u00e9 de la COMPAGNIE, sans limite de temps. La COMPAGNIE ne sera pas tenue de traiter quelque Soumission que ce soit de mani\u00e8re confidentielle, et ne sera nullement tenue responsable de quelque id\u00e9e que ce soit concernant ses affaires (incluant, sans s\u2019y limiter, les id\u00e9es concernant les produits ou la publicit\u00e9), ni ne sera tenue responsable advenant des similarit\u00e9s qui pourraient appara\u00eetre avec des produits ou activit\u00e9s futurs de la COMPAGNIE. Sans limites aucunes, la COMPAGNIE d\u00e9tiendra la propri\u00e9t\u00e9 exclusive de tous les droits futurs ou existants sur toutes les Soumissions, de quelque nature que ce soit.  La COMPAGNIE sera autoris\u00e9e \u00e0 utiliser la Soumission pour un usage commercial ou autre, sans avoir \u00e0 verser des compensations, que ce soit \u00e0 vous ou \u00e0 toute autre personne ayant fait parvenir la Soumission. Vous reconnaissez que vous \u00eates responsables de tout mat\u00e9riel que vous soumettrez, et que vous, et non la COMPAGNIE, \u00eates enti\u00e8rement responsable du message, incluant sa l\u00e9galit\u00e9, sa fiabilit\u00e9, sa teneur appropri\u00e9e, son caract\u00e8re original et ses droits d&rsquo;auteur.<\/p>","protected":false},"excerpt":{"rendered":"<p>Non-responsabilit\u00e9 l\u00e9gale NOTE : Veuillez lire cet avis de non-responsabilit\u00e9 au complet avant d\u2019utiliser notre site Web. Pour les besoins de cet avis de non-responsabilit\u00e9, Performance Plus \u2013 Soins en R\u00e9adaptation inc. (PPSR) sera appel\u00e9e \u00ab La Compagnie \u00bb Avis g\u00e9n\u00e9ral de non-responsabilit\u00e9 LES SERVICES ET LE CONTENU SUR ET EN PROVENANCE DE CE SITE [&hellip;]<\/p>\n","protected":false},"author":1,"featured_media":0,"parent":0,"menu_order":0,"comment_status":"closed","ping_status":"closed","template":"","meta":{"inline_featured_image":false,"_lmt_disableupdate":"","_lmt_disable":"","footnotes":""},"class_list":["post-488","page","type-page","status-publish","hentry"],"acf":[],"yoast_head":"<!-- This site is optimized with the Yoast SEO plugin v21.7 - https:\/\/yoast.com\/wordpress\/plugins\/seo\/ -->\n<title>Programme ontarien de soutien aux personnes handicap\u00e9es | Services aux personnes handicap\u00e9es \u2013 Avis de non-responsabilit\u00e9<\/title>\n<meta name=\"description\" content=\"Performance Plus \u2013 Soins en R\u00e9adaptation est une compagnie bilingue sp\u00e9cialis\u00e9e en r\u00e9adaptation et offrant des services d\u2019\u00e9valuation, d\u2019ajustement \u00e0 un handicap et d\u2019aide au retour au travail\" \/>\n<meta name=\"robots\" content=\"index, follow, max-snippet:-1, max-image-preview:large, max-video-preview:-1\" \/>\n<link rel=\"canonical\" href=\"https:\/\/pprc.ca\/fr\/non-responsabilite-legale\/\" \/>\n<meta property=\"og:locale\" content=\"fr_FR\" \/>\n<meta property=\"og:type\" content=\"article\" \/>\n<meta property=\"og:title\" content=\"Programme ontarien de soutien aux personnes handicap\u00e9es | Services aux personnes handicap\u00e9es \u2013 Avis de non-responsabilit\u00e9\" \/>\n<meta property=\"og:description\" content=\"Performance Plus \u2013 Soins en R\u00e9adaptation est une compagnie bilingue sp\u00e9cialis\u00e9e en r\u00e9adaptation et offrant des services d\u2019\u00e9valuation, d\u2019ajustement \u00e0 un handicap et d\u2019aide au retour au travail\" \/>\n<meta property=\"og:url\" content=\"https:\/\/pprc.ca\/fr\/non-responsabilite-legale\/\" \/>\n<meta property=\"og:site_name\" content=\"Performance Plus - Soins en R\u00e9adaptation inc.\" \/>\n<meta property=\"article:publisher\" content=\"https:\/\/www.facebook.com\/Performance-Plus-Rehabilitative-Care-Inc-172441926133114\/\" \/>\n<meta property=\"article:modified_time\" content=\"2022-12-14T14:11:05+00:00\" \/>\n<meta name=\"twitter:card\" content=\"summary_large_image\" \/>\n<meta name=\"twitter:site\" content=\"@PPRCOttawa\" \/>\n<meta name=\"twitter:label1\" content=\"Dur\u00e9e de lecture estim\u00e9e\" \/>\n\t<meta name=\"twitter:data1\" content=\"3 minutes\" \/>\n<script type=\"application\/ld+json\" class=\"yoast-schema-graph\">{\"@context\":\"https:\/\/schema.org\",\"@graph\":[{\"@type\":\"WebPage\",\"@id\":\"https:\/\/pprc.ca\/fr\/non-responsabilite-legale\/\",\"url\":\"https:\/\/pprc.ca\/fr\/non-responsabilite-legale\/\",\"name\":\"Programme ontarien de soutien aux personnes handicap\u00e9es | Services aux personnes handicap\u00e9es \u2013 Avis de non-responsabilit\u00e9\",\"isPartOf\":{\"@id\":\"https:\/\/pprc.ca\/fr\/#website\"},\"datePublished\":\"2022-12-02T20:42:55+00:00\",\"dateModified\":\"2022-12-14T14:11:05+00:00\",\"description\":\"Performance Plus \u2013 Soins en R\u00e9adaptation est une compagnie bilingue sp\u00e9cialis\u00e9e en r\u00e9adaptation et offrant des services d\u2019\u00e9valuation, d\u2019ajustement \u00e0 un handicap et d\u2019aide au retour au travail\",\"breadcrumb\":{\"@id\":\"https:\/\/pprc.ca\/fr\/non-responsabilite-legale\/#breadcrumb\"},\"inLanguage\":\"fr-FR\",\"potentialAction\":[{\"@type\":\"ReadAction\",\"target\":[\"https:\/\/pprc.ca\/fr\/non-responsabilite-legale\/\"]}]},{\"@type\":\"BreadcrumbList\",\"@id\":\"https:\/\/pprc.ca\/fr\/non-responsabilite-legale\/#breadcrumb\",\"itemListElement\":[{\"@type\":\"ListItem\",\"position\":1,\"name\":\"Accueil\",\"item\":\"https:\/\/pprc.ca\/fr\/\"},{\"@type\":\"ListItem\",\"position\":2,\"name\":\"Non-responsabilit\u00e9 l\u00e9gale\"}]},{\"@type\":\"WebSite\",\"@id\":\"https:\/\/pprc.ca\/fr\/#website\",\"url\":\"https:\/\/pprc.ca\/fr\/\",\"name\":\"Performance Plus - Soins en R\u00e9adaptation inc.\",\"description\":\"\",\"publisher\":{\"@id\":\"https:\/\/pprc.ca\/fr\/#organization\"},\"potentialAction\":[{\"@type\":\"SearchAction\",\"target\":{\"@type\":\"EntryPoint\",\"urlTemplate\":\"https:\/\/pprc.ca\/fr\/?s={search_term_string}\"},\"query-input\":\"required name=search_term_string\"}],\"inLanguage\":\"fr-FR\"},{\"@type\":\"Organization\",\"@id\":\"https:\/\/pprc.ca\/fr\/#organization\",\"name\":\"Performance Plus - Soins en R\u00e9adaptation inc.\",\"url\":\"https:\/\/pprc.ca\/fr\/\",\"logo\":{\"@type\":\"ImageObject\",\"inLanguage\":\"fr-FR\",\"@id\":\"https:\/\/pprc.ca\/fr\/#\/schema\/logo\/image\/\",\"url\":\"https:\/\/pprc.ca\/wp-content\/uploads\/2022\/12\/PPSR-logo-icon-1.png\",\"contentUrl\":\"https:\/\/pprc.ca\/wp-content\/uploads\/2022\/12\/PPSR-logo-icon-1.png\",\"width\":158,\"height\":148,\"caption\":\"Performance Plus - Soins en R\u00e9adaptation inc.\"},\"image\":{\"@id\":\"https:\/\/pprc.ca\/fr\/#\/schema\/logo\/image\/\"},\"sameAs\":[\"https:\/\/www.facebook.com\/Performance-Plus-Rehabilitative-Care-Inc-172441926133114\/\",\"https:\/\/twitter.com\/PPRCOttawa\",\"https:\/\/www.youtube.com\/channel\/UCBnhuJDUkY4Qmi94FKUKbSQ\",\"https:\/\/www.linkedin.com\/company\/performance-plus-rehabilitative-care-inc.\/\"]}]}<\/script>\n<!-- \/ Yoast SEO plugin. -->","yoast_head_json":{"title":"Programme ontarien de soutien aux personnes handicap\u00e9es | Services aux personnes handicap\u00e9es \u2013 Avis de non-responsabilit\u00e9","description":"Performance Plus \u2013 Soins en R\u00e9adaptation est une compagnie bilingue sp\u00e9cialis\u00e9e en r\u00e9adaptation et offrant des services d\u2019\u00e9valuation, d\u2019ajustement \u00e0 un handicap et d\u2019aide au retour au travail","robots":{"index":"index","follow":"follow","max-snippet":"max-snippet:-1","max-image-preview":"max-image-preview:large","max-video-preview":"max-video-preview:-1"},"canonical":"https:\/\/pprc.ca\/fr\/non-responsabilite-legale\/","og_locale":"fr_FR","og_type":"article","og_title":"Programme ontarien de soutien aux personnes handicap\u00e9es | Services aux personnes handicap\u00e9es \u2013 Avis de non-responsabilit\u00e9","og_description":"Performance Plus \u2013 Soins en R\u00e9adaptation est une compagnie bilingue sp\u00e9cialis\u00e9e en r\u00e9adaptation et offrant des services d\u2019\u00e9valuation, d\u2019ajustement \u00e0 un handicap et d\u2019aide au retour au travail","og_url":"https:\/\/pprc.ca\/fr\/non-responsabilite-legale\/","og_site_name":"Performance Plus - Soins en R\u00e9adaptation inc.","article_publisher":"https:\/\/www.facebook.com\/Performance-Plus-Rehabilitative-Care-Inc-172441926133114\/","article_modified_time":"2022-12-14T14:11:05+00:00","twitter_card":"summary_large_image","twitter_site":"@PPRCOttawa","twitter_misc":{"Dur\u00e9e de lecture estim\u00e9e":"3 minutes"},"schema":{"@context":"https:\/\/schema.org","@graph":[{"@type":"WebPage","@id":"https:\/\/pprc.ca\/fr\/non-responsabilite-legale\/","url":"https:\/\/pprc.ca\/fr\/non-responsabilite-legale\/","name":"Programme ontarien de soutien aux personnes handicap\u00e9es | Services aux personnes handicap\u00e9es \u2013 Avis de non-responsabilit\u00e9","isPartOf":{"@id":"https:\/\/pprc.ca\/fr\/#website"},"datePublished":"2022-12-02T20:42:55+00:00","dateModified":"2022-12-14T14:11:05+00:00","description":"Performance Plus \u2013 Soins en R\u00e9adaptation est une compagnie bilingue sp\u00e9cialis\u00e9e en r\u00e9adaptation et offrant des services d\u2019\u00e9valuation, d\u2019ajustement \u00e0 un handicap et d\u2019aide au retour au travail","breadcrumb":{"@id":"https:\/\/pprc.ca\/fr\/non-responsabilite-legale\/#breadcrumb"},"inLanguage":"fr-FR","potentialAction":[{"@type":"ReadAction","target":["https:\/\/pprc.ca\/fr\/non-responsabilite-legale\/"]}]},{"@type":"BreadcrumbList","@id":"https:\/\/pprc.ca\/fr\/non-responsabilite-legale\/#breadcrumb","itemListElement":[{"@type":"ListItem","position":1,"name":"Accueil","item":"https:\/\/pprc.ca\/fr\/"},{"@type":"ListItem","position":2,"name":"Non-responsabilit\u00e9 l\u00e9gale"}]},{"@type":"WebSite","@id":"https:\/\/pprc.ca\/fr\/#website","url":"https:\/\/pprc.ca\/fr\/","name":"Performance Plus - Soins en R\u00e9adaptation inc.","description":"","publisher":{"@id":"https:\/\/pprc.ca\/fr\/#organization"},"potentialAction":[{"@type":"SearchAction","target":{"@type":"EntryPoint","urlTemplate":"https:\/\/pprc.ca\/fr\/?s={search_term_string}"},"query-input":"required name=search_term_string"}],"inLanguage":"fr-FR"},{"@type":"Organization","@id":"https:\/\/pprc.ca\/fr\/#organization","name":"Performance Plus - Soins en R\u00e9adaptation inc.","url":"https:\/\/pprc.ca\/fr\/","logo":{"@type":"ImageObject","inLanguage":"fr-FR","@id":"https:\/\/pprc.ca\/fr\/#\/schema\/logo\/image\/","url":"https:\/\/pprc.ca\/wp-content\/uploads\/2022\/12\/PPSR-logo-icon-1.png","contentUrl":"https:\/\/pprc.ca\/wp-content\/uploads\/2022\/12\/PPSR-logo-icon-1.png","width":158,"height":148,"caption":"Performance Plus - Soins en R\u00e9adaptation inc."},"image":{"@id":"https:\/\/pprc.ca\/fr\/#\/schema\/logo\/image\/"},"sameAs":["https:\/\/www.facebook.com\/Performance-Plus-Rehabilitative-Care-Inc-172441926133114\/","https:\/\/twitter.com\/PPRCOttawa","https:\/\/www.youtube.com\/channel\/UCBnhuJDUkY4Qmi94FKUKbSQ","https:\/\/www.linkedin.com\/company\/performance-plus-rehabilitative-care-inc.\/"]}]}},"jetpack_sharing_enabled":true,"_links":{"self":[{"href":"https:\/\/pprc.ca\/fr\/wp-json\/wp\/v2\/pages\/488","targetHints":{"allow":["GET"]}}],"collection":[{"href":"https:\/\/pprc.ca\/fr\/wp-json\/wp\/v2\/pages"}],"about":[{"href":"https:\/\/pprc.ca\/fr\/wp-json\/wp\/v2\/types\/page"}],"author":[{"embeddable":true,"href":"https:\/\/pprc.ca\/fr\/wp-json\/wp\/v2\/users\/1"}],"replies":[{"embeddable":true,"href":"https:\/\/pprc.ca\/fr\/wp-json\/wp\/v2\/comments?post=488"}],"version-history":[{"count":2,"href":"https:\/\/pprc.ca\/fr\/wp-json\/wp\/v2\/pages\/488\/revisions"}],"predecessor-version":[{"id":845,"href":"https:\/\/pprc.ca\/fr\/wp-json\/wp\/v2\/pages\/488\/revisions\/845"}],"wp:attachment":[{"href":"https:\/\/pprc.ca\/fr\/wp-json\/wp\/v2\/media?parent=488"}],"curies":[{"name":"wp","href":"https:\/\/api.w.org\/{rel}","templated":true}]}}