{"id":499,"date":"2022-12-06T14:17:07","date_gmt":"2022-12-06T19:17:07","guid":{"rendered":"http:\/\/ppr-04.eproofs.ca\/le-choix-dune-nouvelle-carriere\/programme-de-mentorat\/"},"modified":"2024-04-05T17:23:33","modified_gmt":"2024-04-05T21:23:33","slug":"programme-de-mentorat","status":"publish","type":"page","link":"https:\/\/pprc.ca\/fr\/le-choix-dune-nouvelle-carriere\/programme-de-mentorat\/","title":{"rendered":"Programme de mentorat"},"content":{"rendered":"<div class=\"wp-block-media-text is-stacked-on-mobile alignwide has-secondary-background-color has-background\"><figure class=\"wp-block-media-text__media\"><img loading=\"lazy\" decoding=\"async\" width=\"950\" height=\"825\" src=\"https:\/\/pprc.ca\/wp-content\/uploads\/2024\/03\/Ppsr-Fr-Logo-Horizontal-Full-Color-Rgb-900px-w-72ppi-2.png\" alt=\"\" class=\"wp-image-1173 size-full\" srcset=\"https:\/\/pprc.ca\/wp-content\/uploads\/2024\/03\/Ppsr-Fr-Logo-Horizontal-Full-Color-Rgb-900px-w-72ppi-2.png 950w, https:\/\/pprc.ca\/wp-content\/uploads\/2024\/03\/Ppsr-Fr-Logo-Horizontal-Full-Color-Rgb-900px-w-72ppi-2-600x521.png 600w, https:\/\/pprc.ca\/wp-content\/uploads\/2024\/03\/Ppsr-Fr-Logo-Horizontal-Full-Color-Rgb-900px-w-72ppi-2-300x261.png 300w\" sizes=\"auto, (max-width: 950px) 100vw, 950px\" \/><\/figure><div class=\"wp-block-media-text__content\"><p>Certains de nos clients sont de nouveaux arrivants au Canada et ont en main des dipl\u00f4mes d\u2019\u00e9tudes sup\u00e9rieures, poss\u00e8dent de l\u2019exp\u00e9rience et sont qualifi\u00e9s dans un domaine particulier. Ils peuvent cependant avoir besoin de conseils sur la fa\u00e7on de retourner au travail ou de d\u00e9buter une nouvelle carri\u00e8re tout en ayant \u00e0 g\u00e9rer leur handicap. Le programme de mentorat de PPSR associe ces clients \u00e0 des professionnels \u00e9tablis dans leur domaine ou secteur de pr\u00e9dilection qui font partie de notre grand r\u00e9seau d\u2019anciens clients et d\u2019employeurs. Ces professionnels peuvent fournir une aide appr\u00e9ci\u00e9e et r\u00e9pondre \u00e0 toute question que peuvent avoir ces clients concernant le cheminement de carri\u00e8re. Ils peuvent \u00e9galement fournir un acc\u00e8s \u00e0 des r\u00e9seaux de contacts indispensables.<\/p>\n\n<p>Pour en d\u00e9couvrir encore plus sur notre programme de mentorat,&nbsp;<a title=\"Contactez-nous\" href=\"https:\/\/pprc.ca\/fr\/contactez-nous\/\">veuillez nous contacter en cliquant ici<\/a>&nbsp;d\u00e8s aujourd\u2019hui.<\/p><\/div><\/div>","protected":false},"excerpt":{"rendered":"<p>Certains de nos clients sont de nouveaux arrivants au Canada et ont en main des dipl\u00f4mes d\u2019\u00e9tudes sup\u00e9rieures, poss\u00e8dent de l\u2019exp\u00e9rience et sont qualifi\u00e9s dans un domaine particulier. Ils peuvent cependant avoir besoin de conseils sur la fa\u00e7on de retourner au travail ou de d\u00e9buter une nouvelle carri\u00e8re tout en ayant \u00e0 g\u00e9rer leur handicap. [&hellip;]<\/p>\n","protected":false},"author":1,"featured_media":243,"parent":495,"menu_order":0,"comment_status":"closed","ping_status":"closed","template":"","meta":{"inline_featured_image":false,"_lmt_disableupdate":"","_lmt_disable":"","footnotes":""},"class_list":["post-499","page","type-page","status-publish","has-post-thumbnail","hentry"],"acf":[],"yoast_head":"<!-- This site is optimized with the Yoast SEO plugin v21.7 - https:\/\/yoast.com\/wordpress\/plugins\/seo\/ -->\n<title>Formulaires de services aux personnes handicap\u00e9es | Services professionnels \u2013 Programme de mentorat<\/title>\n<meta name=\"description\" content=\"Performance Plus \u2013 Soins en R\u00e9adaptation est une compagnie bilingue sp\u00e9cialis\u00e9e en r\u00e9adaptation et offrant des services d\u2019\u00e9valuation, d\u2019ajustement \u00e0 un handicap et d\u2019aide au retour au travail\" \/>\n<meta name=\"robots\" content=\"index, follow, max-snippet:-1, max-image-preview:large, max-video-preview:-1\" \/>\n<link rel=\"canonical\" href=\"https:\/\/pprc.ca\/fr\/le-choix-dune-nouvelle-carriere\/programme-de-mentorat\/\" \/>\n<meta property=\"og:locale\" content=\"fr_FR\" \/>\n<meta property=\"og:type\" content=\"article\" \/>\n<meta property=\"og:title\" content=\"Formulaires de services aux personnes handicap\u00e9es | Services professionnels \u2013 Programme de mentorat\" \/>\n<meta property=\"og:description\" content=\"Performance Plus \u2013 Soins en R\u00e9adaptation est une compagnie bilingue sp\u00e9cialis\u00e9e en r\u00e9adaptation et offrant des services d\u2019\u00e9valuation, d\u2019ajustement \u00e0 un handicap et d\u2019aide au retour au travail\" \/>\n<meta property=\"og:url\" content=\"https:\/\/pprc.ca\/fr\/le-choix-dune-nouvelle-carriere\/programme-de-mentorat\/\" \/>\n<meta property=\"og:site_name\" content=\"Performance Plus - Soins en R\u00e9adaptation inc.\" \/>\n<meta property=\"article:publisher\" content=\"https:\/\/www.facebook.com\/Performance-Plus-Rehabilitative-Care-Inc-172441926133114\/\" \/>\n<meta property=\"article:modified_time\" content=\"2024-04-05T21:23:33+00:00\" \/>\n<meta property=\"og:image\" content=\"https:\/\/pprc.ca\/wp-content\/uploads\/2022\/12\/hqdefault.jpg\" \/>\n\t<meta property=\"og:image:width\" content=\"480\" \/>\n\t<meta property=\"og:image:height\" content=\"360\" \/>\n\t<meta property=\"og:image:type\" content=\"image\/jpeg\" \/>\n<meta name=\"twitter:card\" content=\"summary_large_image\" \/>\n<meta name=\"twitter:site\" content=\"@PPRCOttawa\" \/>\n<meta name=\"twitter:label1\" content=\"Dur\u00e9e de lecture estim\u00e9e\" \/>\n\t<meta name=\"twitter:data1\" content=\"1 minute\" \/>\n<script type=\"application\/ld+json\" class=\"yoast-schema-graph\">{\"@context\":\"https:\/\/schema.org\",\"@graph\":[{\"@type\":\"WebPage\",\"@id\":\"https:\/\/pprc.ca\/fr\/le-choix-dune-nouvelle-carriere\/programme-de-mentorat\/\",\"url\":\"https:\/\/pprc.ca\/fr\/le-choix-dune-nouvelle-carriere\/programme-de-mentorat\/\",\"name\":\"Formulaires de services aux personnes handicap\u00e9es | Services professionnels \u2013 Programme de mentorat\",\"isPartOf\":{\"@id\":\"https:\/\/pprc.ca\/fr\/#website\"},\"datePublished\":\"2022-12-06T19:17:07+00:00\",\"dateModified\":\"2024-04-05T21:23:33+00:00\",\"description\":\"Performance Plus \u2013 Soins en R\u00e9adaptation est une compagnie bilingue sp\u00e9cialis\u00e9e en r\u00e9adaptation et offrant des services d\u2019\u00e9valuation, d\u2019ajustement \u00e0 un handicap et d\u2019aide au retour au travail\",\"breadcrumb\":{\"@id\":\"https:\/\/pprc.ca\/fr\/le-choix-dune-nouvelle-carriere\/programme-de-mentorat\/#breadcrumb\"},\"inLanguage\":\"fr-FR\",\"potentialAction\":[{\"@type\":\"ReadAction\",\"target\":[\"https:\/\/pprc.ca\/fr\/le-choix-dune-nouvelle-carriere\/programme-de-mentorat\/\"]}]},{\"@type\":\"BreadcrumbList\",\"@id\":\"https:\/\/pprc.ca\/fr\/le-choix-dune-nouvelle-carriere\/programme-de-mentorat\/#breadcrumb\",\"itemListElement\":[{\"@type\":\"ListItem\",\"position\":1,\"name\":\"Accueil\",\"item\":\"https:\/\/pprc.ca\/fr\/\"},{\"@type\":\"ListItem\",\"position\":2,\"name\":\"Le choix d\u2019une nouvelle carri\u00e8re\",\"item\":\"https:\/\/pprc.ca\/fr\/le-choix-dune-nouvelle-carriere\/\"},{\"@type\":\"ListItem\",\"position\":3,\"name\":\"Programme de mentorat\"}]},{\"@type\":\"WebSite\",\"@id\":\"https:\/\/pprc.ca\/fr\/#website\",\"url\":\"https:\/\/pprc.ca\/fr\/\",\"name\":\"Performance Plus - Soins en R\u00e9adaptation inc.\",\"description\":\"\",\"publisher\":{\"@id\":\"https:\/\/pprc.ca\/fr\/#organization\"},\"potentialAction\":[{\"@type\":\"SearchAction\",\"target\":{\"@type\":\"EntryPoint\",\"urlTemplate\":\"https:\/\/pprc.ca\/fr\/?s={search_term_string}\"},\"query-input\":\"required name=search_term_string\"}],\"inLanguage\":\"fr-FR\"},{\"@type\":\"Organization\",\"@id\":\"https:\/\/pprc.ca\/fr\/#organization\",\"name\":\"Performance Plus - Soins en R\u00e9adaptation inc.\",\"url\":\"https:\/\/pprc.ca\/fr\/\",\"logo\":{\"@type\":\"ImageObject\",\"inLanguage\":\"fr-FR\",\"@id\":\"https:\/\/pprc.ca\/fr\/#\/schema\/logo\/image\/\",\"url\":\"https:\/\/pprc.ca\/wp-content\/uploads\/2022\/12\/PPSR-logo-icon-1.png\",\"contentUrl\":\"https:\/\/pprc.ca\/wp-content\/uploads\/2022\/12\/PPSR-logo-icon-1.png\",\"width\":158,\"height\":148,\"caption\":\"Performance Plus - Soins en R\u00e9adaptation inc.\"},\"image\":{\"@id\":\"https:\/\/pprc.ca\/fr\/#\/schema\/logo\/image\/\"},\"sameAs\":[\"https:\/\/www.facebook.com\/Performance-Plus-Rehabilitative-Care-Inc-172441926133114\/\",\"https:\/\/twitter.com\/PPRCOttawa\",\"https:\/\/www.youtube.com\/channel\/UCBnhuJDUkY4Qmi94FKUKbSQ\",\"https:\/\/www.linkedin.com\/company\/performance-plus-rehabilitative-care-inc.\/\"]}]}<\/script>\n<!-- \/ Yoast SEO plugin. -->","yoast_head_json":{"title":"Formulaires de services aux personnes handicap\u00e9es | Services professionnels \u2013 Programme de mentorat","description":"Performance Plus \u2013 Soins en R\u00e9adaptation est une compagnie bilingue sp\u00e9cialis\u00e9e en r\u00e9adaptation et offrant des services d\u2019\u00e9valuation, d\u2019ajustement \u00e0 un handicap et d\u2019aide au retour au travail","robots":{"index":"index","follow":"follow","max-snippet":"max-snippet:-1","max-image-preview":"max-image-preview:large","max-video-preview":"max-video-preview:-1"},"canonical":"https:\/\/pprc.ca\/fr\/le-choix-dune-nouvelle-carriere\/programme-de-mentorat\/","og_locale":"fr_FR","og_type":"article","og_title":"Formulaires de services aux personnes handicap\u00e9es | Services professionnels \u2013 Programme de mentorat","og_description":"Performance Plus \u2013 Soins en R\u00e9adaptation est une compagnie bilingue sp\u00e9cialis\u00e9e en r\u00e9adaptation et offrant des services d\u2019\u00e9valuation, d\u2019ajustement \u00e0 un handicap et d\u2019aide au retour au travail","og_url":"https:\/\/pprc.ca\/fr\/le-choix-dune-nouvelle-carriere\/programme-de-mentorat\/","og_site_name":"Performance Plus - Soins en R\u00e9adaptation inc.","article_publisher":"https:\/\/www.facebook.com\/Performance-Plus-Rehabilitative-Care-Inc-172441926133114\/","article_modified_time":"2024-04-05T21:23:33+00:00","og_image":[{"width":480,"height":360,"url":"https:\/\/pprc.ca\/wp-content\/uploads\/2022\/12\/hqdefault.jpg","type":"image\/jpeg"}],"twitter_card":"summary_large_image","twitter_site":"@PPRCOttawa","twitter_misc":{"Dur\u00e9e de lecture estim\u00e9e":"1 minute"},"schema":{"@context":"https:\/\/schema.org","@graph":[{"@type":"WebPage","@id":"https:\/\/pprc.ca\/fr\/le-choix-dune-nouvelle-carriere\/programme-de-mentorat\/","url":"https:\/\/pprc.ca\/fr\/le-choix-dune-nouvelle-carriere\/programme-de-mentorat\/","name":"Formulaires de services aux personnes handicap\u00e9es | Services professionnels \u2013 Programme de mentorat","isPartOf":{"@id":"https:\/\/pprc.ca\/fr\/#website"},"datePublished":"2022-12-06T19:17:07+00:00","dateModified":"2024-04-05T21:23:33+00:00","description":"Performance Plus \u2013 Soins en R\u00e9adaptation est une compagnie bilingue sp\u00e9cialis\u00e9e en r\u00e9adaptation et offrant des services d\u2019\u00e9valuation, d\u2019ajustement \u00e0 un handicap et d\u2019aide au retour au travail","breadcrumb":{"@id":"https:\/\/pprc.ca\/fr\/le-choix-dune-nouvelle-carriere\/programme-de-mentorat\/#breadcrumb"},"inLanguage":"fr-FR","potentialAction":[{"@type":"ReadAction","target":["https:\/\/pprc.ca\/fr\/le-choix-dune-nouvelle-carriere\/programme-de-mentorat\/"]}]},{"@type":"BreadcrumbList","@id":"https:\/\/pprc.ca\/fr\/le-choix-dune-nouvelle-carriere\/programme-de-mentorat\/#breadcrumb","itemListElement":[{"@type":"ListItem","position":1,"name":"Accueil","item":"https:\/\/pprc.ca\/fr\/"},{"@type":"ListItem","position":2,"name":"Le choix d\u2019une nouvelle carri\u00e8re","item":"https:\/\/pprc.ca\/fr\/le-choix-dune-nouvelle-carriere\/"},{"@type":"ListItem","position":3,"name":"Programme de mentorat"}]},{"@type":"WebSite","@id":"https:\/\/pprc.ca\/fr\/#website","url":"https:\/\/pprc.ca\/fr\/","name":"Performance Plus - Soins en R\u00e9adaptation inc.","description":"","publisher":{"@id":"https:\/\/pprc.ca\/fr\/#organization"},"potentialAction":[{"@type":"SearchAction","target":{"@type":"EntryPoint","urlTemplate":"https:\/\/pprc.ca\/fr\/?s={search_term_string}"},"query-input":"required name=search_term_string"}],"inLanguage":"fr-FR"},{"@type":"Organization","@id":"https:\/\/pprc.ca\/fr\/#organization","name":"Performance Plus - Soins en R\u00e9adaptation inc.","url":"https:\/\/pprc.ca\/fr\/","logo":{"@type":"ImageObject","inLanguage":"fr-FR","@id":"https:\/\/pprc.ca\/fr\/#\/schema\/logo\/image\/","url":"https:\/\/pprc.ca\/wp-content\/uploads\/2022\/12\/PPSR-logo-icon-1.png","contentUrl":"https:\/\/pprc.ca\/wp-content\/uploads\/2022\/12\/PPSR-logo-icon-1.png","width":158,"height":148,"caption":"Performance Plus - Soins en R\u00e9adaptation inc."},"image":{"@id":"https:\/\/pprc.ca\/fr\/#\/schema\/logo\/image\/"},"sameAs":["https:\/\/www.facebook.com\/Performance-Plus-Rehabilitative-Care-Inc-172441926133114\/","https:\/\/twitter.com\/PPRCOttawa","https:\/\/www.youtube.com\/channel\/UCBnhuJDUkY4Qmi94FKUKbSQ","https:\/\/www.linkedin.com\/company\/performance-plus-rehabilitative-care-inc.\/"]}]}},"jetpack_sharing_enabled":true,"_links":{"self":[{"href":"https:\/\/pprc.ca\/fr\/wp-json\/wp\/v2\/pages\/499","targetHints":{"allow":["GET"]}}],"collection":[{"href":"https:\/\/pprc.ca\/fr\/wp-json\/wp\/v2\/pages"}],"about":[{"href":"https:\/\/pprc.ca\/fr\/wp-json\/wp\/v2\/types\/page"}],"author":[{"embeddable":true,"href":"https:\/\/pprc.ca\/fr\/wp-json\/wp\/v2\/users\/1"}],"replies":[{"embeddable":true,"href":"https:\/\/pprc.ca\/fr\/wp-json\/wp\/v2\/comments?post=499"}],"version-history":[{"count":4,"href":"https:\/\/pprc.ca\/fr\/wp-json\/wp\/v2\/pages\/499\/revisions"}],"predecessor-version":[{"id":1179,"href":"https:\/\/pprc.ca\/fr\/wp-json\/wp\/v2\/pages\/499\/revisions\/1179"}],"up":[{"embeddable":true,"href":"https:\/\/pprc.ca\/fr\/wp-json\/wp\/v2\/pages\/495"}],"wp:featuredmedia":[{"embeddable":true,"href":"https:\/\/pprc.ca\/fr\/wp-json\/wp\/v2\/media\/243"}],"wp:attachment":[{"href":"https:\/\/pprc.ca\/fr\/wp-json\/wp\/v2\/media?parent=499"}],"curies":[{"name":"wp","href":"https:\/\/api.w.org\/{rel}","templated":true}]}}