{"id":504,"date":"2022-12-06T14:28:39","date_gmt":"2022-12-06T19:28:39","guid":{"rendered":"http:\/\/ppr-04.eproofs.ca\/le-choix-dune-nouvelle-carriere\/ressources\/"},"modified":"2024-08-28T11:24:39","modified_gmt":"2024-08-28T15:24:39","slug":"ressources","status":"publish","type":"page","link":"https:\/\/pprc.ca\/fr\/le-choix-dune-nouvelle-carriere\/ressources\/","title":{"rendered":"Ressources"},"content":{"rendered":"<div class=\"wp-block-group\"><div class=\"wp-block-group__inner-container is-layout-constrained wp-block-group-is-layout-constrained\"><p>PPSR est heureuse de partager les ressources suivantes avec ses pr\u00e9cieux clients :<\/p><\/div><\/div><div class=\"wp-block-group alignfull\"><div class=\"wp-block-group__inner-container is-layout-constrained wp-block-group-is-layout-constrained\"><div id=\"block_a3d18fb60f53552869ec01cd8057250b\" class=\"card-grid alignwide\">\r\n\r\n\t\t<a class=\"card card--\" href=\"#programme-ontarien-de-soutien\"><div class=\"card-content\"><div class=\"title\">le Programme ontarien de soutien aux personnes handicap\u00e9es<\/div><div class=\"readmore\"> Explorez le programme<\/div><\/div><\/a><a class=\"card card--\" href=\"https:\/\/pprc.ca\/fr\/le-choix-dune-nouvelle-carriere\/ressources\/ressources-communautaires\/\"><div class=\"card-content\"><div class=\"title\">Ressources communautaires<\/div><div class=\"readmore\">Ressources communautaires;<\/div><\/div><\/a><a class=\"card card--\" href=\"https:\/\/www.uvic.ca\/career-services\/get-support\/edi-accessibility\/index.php\"><div class=\"card-content\"><div class=\"title\">le Centre de ressources professionnelles de l\u2019Universit\u00e9 de Victoria.<\/div><div class=\"readmore\">Ressources professionnelles de l\u2019Universit\u00e9 de Victoria.<\/div><\/div><\/a>\t\t\r\n\t<\/div><\/div><\/div><div class=\"wp-block-group\"><div class=\"wp-block-group__inner-container is-layout-constrained wp-block-group-is-layout-constrained\"><p>Pour encore plus de ressources en r\u00e9adaptation professionnelle,<a href=\"https:\/\/pprc.ca\/fr\/contactez-nous\/\"> veuillez nous contacter d\u00e8s aujourd\u2019hui.<\/a><\/p><\/div><\/div><div class=\"wp-block-group alignfull has-secondary-background-color has-background\" id=\"support-program\"><div class=\"wp-block-group__inner-container is-layout-constrained wp-block-group-is-layout-constrained\"><h2 class=\"wp-block-heading\">Programme ontarien de soutien aux personnes handicap\u00e9es<\/h2>\n\n<p>Le Programme ontarien de soutien aux personnes handicap\u00e9es est un programme gouvernemental con\u00e7u pour r\u00e9pondre aux besoins uniques des gens aux prises avec une d\u00e9ficience ou un handicap et qui font face \u00e0 des difficult\u00e9s d\u2019ordre financier ou qui souhaitent travailler et ont besoin de soutien. Pour plus d\u2019information, <a href=\"https:\/\/www.ontario.ca\/fr\/page\/soutien-de-lemploi-en-vertu-du-programme-ontarien-de-soutien-aux-personnes-handicapees\">veuillez cliquer ici pour consulter leur site Web au https:\/\/www.ontario.ca\/page\/ontario-disability-support-program-employment-supports.<\/a><\/p><\/div><\/div>","protected":false},"excerpt":{"rendered":"<p>PPSR est heureuse de partager les ressources suivantes avec ses pr\u00e9cieux clients : Pour encore plus de ressources en r\u00e9adaptation professionnelle, veuillez nous contacter d\u00e8s aujourd\u2019hui. Programme ontarien de soutien aux personnes handicap\u00e9es Le Programme ontarien de soutien aux personnes handicap\u00e9es est un programme gouvernemental con\u00e7u pour r\u00e9pondre aux besoins uniques des gens aux prises [&hellip;]<\/p>\n","protected":false},"author":1,"featured_media":0,"parent":495,"menu_order":0,"comment_status":"closed","ping_status":"closed","template":"","meta":{"inline_featured_image":false,"_lmt_disableupdate":"","_lmt_disable":"","footnotes":""},"class_list":["post-504","page","type-page","status-publish","hentry"],"acf":[],"yoast_head":"<!-- This site is optimized with the Yoast SEO plugin v21.7 - https:\/\/yoast.com\/wordpress\/plugins\/seo\/ -->\n<title>Services aux personnes handicap\u00e9es \u2013 Ottawa | \u00c9cole professionnelle \u2013 R\u00e9adaptation - Ressources<\/title>\n<meta name=\"description\" content=\"Performance Plus \u2013 Soins en R\u00e9adaptation est une compagnie bilingue sp\u00e9cialis\u00e9e en r\u00e9adaptation et offrant des services d\u2019\u00e9valuation, d\u2019ajustement \u00e0 un handicap et d\u2019aide au retour au travail\" \/>\n<meta name=\"robots\" content=\"index, follow, max-snippet:-1, max-image-preview:large, max-video-preview:-1\" \/>\n<link rel=\"canonical\" href=\"https:\/\/pprc.ca\/fr\/le-choix-dune-nouvelle-carriere\/ressources\/\" \/>\n<meta property=\"og:locale\" content=\"fr_FR\" \/>\n<meta property=\"og:type\" content=\"article\" \/>\n<meta property=\"og:title\" content=\"Services aux personnes handicap\u00e9es \u2013 Ottawa | \u00c9cole professionnelle \u2013 R\u00e9adaptation - Ressources\" \/>\n<meta property=\"og:description\" content=\"Performance Plus \u2013 Soins en R\u00e9adaptation est une compagnie bilingue sp\u00e9cialis\u00e9e en r\u00e9adaptation et offrant des services d\u2019\u00e9valuation, d\u2019ajustement \u00e0 un handicap et d\u2019aide au retour au travail\" \/>\n<meta property=\"og:url\" content=\"https:\/\/pprc.ca\/fr\/le-choix-dune-nouvelle-carriere\/ressources\/\" \/>\n<meta property=\"og:site_name\" content=\"Performance Plus - Soins en R\u00e9adaptation inc.\" \/>\n<meta property=\"article:publisher\" content=\"https:\/\/www.facebook.com\/Performance-Plus-Rehabilitative-Care-Inc-172441926133114\/\" \/>\n<meta property=\"article:modified_time\" content=\"2024-08-28T15:24:39+00:00\" \/>\n<meta name=\"twitter:card\" content=\"summary_large_image\" \/>\n<meta name=\"twitter:site\" content=\"@PPRCOttawa\" \/>\n<meta name=\"twitter:label1\" content=\"Dur\u00e9e de lecture estim\u00e9e\" \/>\n\t<meta name=\"twitter:data1\" content=\"1 minute\" \/>\n<script type=\"application\/ld+json\" class=\"yoast-schema-graph\">{\"@context\":\"https:\/\/schema.org\",\"@graph\":[{\"@type\":\"WebPage\",\"@id\":\"https:\/\/pprc.ca\/fr\/le-choix-dune-nouvelle-carriere\/ressources\/\",\"url\":\"https:\/\/pprc.ca\/fr\/le-choix-dune-nouvelle-carriere\/ressources\/\",\"name\":\"Services aux personnes handicap\u00e9es \u2013 Ottawa | \u00c9cole professionnelle \u2013 R\u00e9adaptation - Ressources\",\"isPartOf\":{\"@id\":\"https:\/\/pprc.ca\/fr\/#website\"},\"datePublished\":\"2022-12-06T19:28:39+00:00\",\"dateModified\":\"2024-08-28T15:24:39+00:00\",\"description\":\"Performance Plus \u2013 Soins en R\u00e9adaptation est une compagnie bilingue sp\u00e9cialis\u00e9e en r\u00e9adaptation et offrant des services d\u2019\u00e9valuation, d\u2019ajustement \u00e0 un handicap et d\u2019aide au retour au travail\",\"breadcrumb\":{\"@id\":\"https:\/\/pprc.ca\/fr\/le-choix-dune-nouvelle-carriere\/ressources\/#breadcrumb\"},\"inLanguage\":\"fr-FR\",\"potentialAction\":[{\"@type\":\"ReadAction\",\"target\":[\"https:\/\/pprc.ca\/fr\/le-choix-dune-nouvelle-carriere\/ressources\/\"]}]},{\"@type\":\"BreadcrumbList\",\"@id\":\"https:\/\/pprc.ca\/fr\/le-choix-dune-nouvelle-carriere\/ressources\/#breadcrumb\",\"itemListElement\":[{\"@type\":\"ListItem\",\"position\":1,\"name\":\"Accueil\",\"item\":\"https:\/\/pprc.ca\/fr\/\"},{\"@type\":\"ListItem\",\"position\":2,\"name\":\"Le choix d\u2019une nouvelle carri\u00e8re\",\"item\":\"https:\/\/pprc.ca\/fr\/le-choix-dune-nouvelle-carriere\/\"},{\"@type\":\"ListItem\",\"position\":3,\"name\":\"Ressources\"}]},{\"@type\":\"WebSite\",\"@id\":\"https:\/\/pprc.ca\/fr\/#website\",\"url\":\"https:\/\/pprc.ca\/fr\/\",\"name\":\"Performance Plus - Soins en R\u00e9adaptation inc.\",\"description\":\"\",\"publisher\":{\"@id\":\"https:\/\/pprc.ca\/fr\/#organization\"},\"potentialAction\":[{\"@type\":\"SearchAction\",\"target\":{\"@type\":\"EntryPoint\",\"urlTemplate\":\"https:\/\/pprc.ca\/fr\/?s={search_term_string}\"},\"query-input\":\"required name=search_term_string\"}],\"inLanguage\":\"fr-FR\"},{\"@type\":\"Organization\",\"@id\":\"https:\/\/pprc.ca\/fr\/#organization\",\"name\":\"Performance Plus - Soins en R\u00e9adaptation inc.\",\"url\":\"https:\/\/pprc.ca\/fr\/\",\"logo\":{\"@type\":\"ImageObject\",\"inLanguage\":\"fr-FR\",\"@id\":\"https:\/\/pprc.ca\/fr\/#\/schema\/logo\/image\/\",\"url\":\"https:\/\/pprc.ca\/wp-content\/uploads\/2022\/12\/PPSR-logo-icon-1.png\",\"contentUrl\":\"https:\/\/pprc.ca\/wp-content\/uploads\/2022\/12\/PPSR-logo-icon-1.png\",\"width\":158,\"height\":148,\"caption\":\"Performance Plus - Soins en R\u00e9adaptation inc.\"},\"image\":{\"@id\":\"https:\/\/pprc.ca\/fr\/#\/schema\/logo\/image\/\"},\"sameAs\":[\"https:\/\/www.facebook.com\/Performance-Plus-Rehabilitative-Care-Inc-172441926133114\/\",\"https:\/\/twitter.com\/PPRCOttawa\",\"https:\/\/www.youtube.com\/channel\/UCBnhuJDUkY4Qmi94FKUKbSQ\",\"https:\/\/www.linkedin.com\/company\/performance-plus-rehabilitative-care-inc.\/\"]}]}<\/script>\n<!-- \/ Yoast SEO plugin. -->","yoast_head_json":{"title":"Services aux personnes handicap\u00e9es \u2013 Ottawa | \u00c9cole professionnelle \u2013 R\u00e9adaptation - Ressources","description":"Performance Plus \u2013 Soins en R\u00e9adaptation est une compagnie bilingue sp\u00e9cialis\u00e9e en r\u00e9adaptation et offrant des services d\u2019\u00e9valuation, d\u2019ajustement \u00e0 un handicap et d\u2019aide au retour au travail","robots":{"index":"index","follow":"follow","max-snippet":"max-snippet:-1","max-image-preview":"max-image-preview:large","max-video-preview":"max-video-preview:-1"},"canonical":"https:\/\/pprc.ca\/fr\/le-choix-dune-nouvelle-carriere\/ressources\/","og_locale":"fr_FR","og_type":"article","og_title":"Services aux personnes handicap\u00e9es \u2013 Ottawa | \u00c9cole professionnelle \u2013 R\u00e9adaptation - Ressources","og_description":"Performance Plus \u2013 Soins en R\u00e9adaptation est une compagnie bilingue sp\u00e9cialis\u00e9e en r\u00e9adaptation et offrant des services d\u2019\u00e9valuation, d\u2019ajustement \u00e0 un handicap et d\u2019aide au retour au travail","og_url":"https:\/\/pprc.ca\/fr\/le-choix-dune-nouvelle-carriere\/ressources\/","og_site_name":"Performance Plus - Soins en R\u00e9adaptation inc.","article_publisher":"https:\/\/www.facebook.com\/Performance-Plus-Rehabilitative-Care-Inc-172441926133114\/","article_modified_time":"2024-08-28T15:24:39+00:00","twitter_card":"summary_large_image","twitter_site":"@PPRCOttawa","twitter_misc":{"Dur\u00e9e de lecture estim\u00e9e":"1 minute"},"schema":{"@context":"https:\/\/schema.org","@graph":[{"@type":"WebPage","@id":"https:\/\/pprc.ca\/fr\/le-choix-dune-nouvelle-carriere\/ressources\/","url":"https:\/\/pprc.ca\/fr\/le-choix-dune-nouvelle-carriere\/ressources\/","name":"Services aux personnes handicap\u00e9es \u2013 Ottawa | \u00c9cole professionnelle \u2013 R\u00e9adaptation - Ressources","isPartOf":{"@id":"https:\/\/pprc.ca\/fr\/#website"},"datePublished":"2022-12-06T19:28:39+00:00","dateModified":"2024-08-28T15:24:39+00:00","description":"Performance Plus \u2013 Soins en R\u00e9adaptation est une compagnie bilingue sp\u00e9cialis\u00e9e en r\u00e9adaptation et offrant des services d\u2019\u00e9valuation, d\u2019ajustement \u00e0 un handicap et d\u2019aide au retour au travail","breadcrumb":{"@id":"https:\/\/pprc.ca\/fr\/le-choix-dune-nouvelle-carriere\/ressources\/#breadcrumb"},"inLanguage":"fr-FR","potentialAction":[{"@type":"ReadAction","target":["https:\/\/pprc.ca\/fr\/le-choix-dune-nouvelle-carriere\/ressources\/"]}]},{"@type":"BreadcrumbList","@id":"https:\/\/pprc.ca\/fr\/le-choix-dune-nouvelle-carriere\/ressources\/#breadcrumb","itemListElement":[{"@type":"ListItem","position":1,"name":"Accueil","item":"https:\/\/pprc.ca\/fr\/"},{"@type":"ListItem","position":2,"name":"Le choix d\u2019une nouvelle carri\u00e8re","item":"https:\/\/pprc.ca\/fr\/le-choix-dune-nouvelle-carriere\/"},{"@type":"ListItem","position":3,"name":"Ressources"}]},{"@type":"WebSite","@id":"https:\/\/pprc.ca\/fr\/#website","url":"https:\/\/pprc.ca\/fr\/","name":"Performance Plus - Soins en R\u00e9adaptation inc.","description":"","publisher":{"@id":"https:\/\/pprc.ca\/fr\/#organization"},"potentialAction":[{"@type":"SearchAction","target":{"@type":"EntryPoint","urlTemplate":"https:\/\/pprc.ca\/fr\/?s={search_term_string}"},"query-input":"required name=search_term_string"}],"inLanguage":"fr-FR"},{"@type":"Organization","@id":"https:\/\/pprc.ca\/fr\/#organization","name":"Performance Plus - Soins en R\u00e9adaptation inc.","url":"https:\/\/pprc.ca\/fr\/","logo":{"@type":"ImageObject","inLanguage":"fr-FR","@id":"https:\/\/pprc.ca\/fr\/#\/schema\/logo\/image\/","url":"https:\/\/pprc.ca\/wp-content\/uploads\/2022\/12\/PPSR-logo-icon-1.png","contentUrl":"https:\/\/pprc.ca\/wp-content\/uploads\/2022\/12\/PPSR-logo-icon-1.png","width":158,"height":148,"caption":"Performance Plus - Soins en R\u00e9adaptation inc."},"image":{"@id":"https:\/\/pprc.ca\/fr\/#\/schema\/logo\/image\/"},"sameAs":["https:\/\/www.facebook.com\/Performance-Plus-Rehabilitative-Care-Inc-172441926133114\/","https:\/\/twitter.com\/PPRCOttawa","https:\/\/www.youtube.com\/channel\/UCBnhuJDUkY4Qmi94FKUKbSQ","https:\/\/www.linkedin.com\/company\/performance-plus-rehabilitative-care-inc.\/"]}]}},"jetpack_sharing_enabled":true,"_links":{"self":[{"href":"https:\/\/pprc.ca\/fr\/wp-json\/wp\/v2\/pages\/504","targetHints":{"allow":["GET"]}}],"collection":[{"href":"https:\/\/pprc.ca\/fr\/wp-json\/wp\/v2\/pages"}],"about":[{"href":"https:\/\/pprc.ca\/fr\/wp-json\/wp\/v2\/types\/page"}],"author":[{"embeddable":true,"href":"https:\/\/pprc.ca\/fr\/wp-json\/wp\/v2\/users\/1"}],"replies":[{"embeddable":true,"href":"https:\/\/pprc.ca\/fr\/wp-json\/wp\/v2\/comments?post=504"}],"version-history":[{"count":14,"href":"https:\/\/pprc.ca\/fr\/wp-json\/wp\/v2\/pages\/504\/revisions"}],"predecessor-version":[{"id":1217,"href":"https:\/\/pprc.ca\/fr\/wp-json\/wp\/v2\/pages\/504\/revisions\/1217"}],"up":[{"embeddable":true,"href":"https:\/\/pprc.ca\/fr\/wp-json\/wp\/v2\/pages\/495"}],"wp:attachment":[{"href":"https:\/\/pprc.ca\/fr\/wp-json\/wp\/v2\/media?parent=504"}],"curies":[{"name":"wp","href":"https:\/\/api.w.org\/{rel}","templated":true}]}}