{"id":508,"date":"2022-12-06T18:54:36","date_gmt":"2022-12-06T23:54:36","guid":{"rendered":"http:\/\/ppr-04.eproofs.ca\/le-choix-dune-nouvelle-carriere\/ressources\/ressources-communautaires\/"},"modified":"2024-03-04T10:55:52","modified_gmt":"2024-03-04T15:55:52","slug":"ressources-communautaires","status":"publish","type":"page","link":"https:\/\/pprc.ca\/fr\/le-choix-dune-nouvelle-carriere\/ressources\/ressources-communautaires\/","title":{"rendered":"Ressources communautaires"},"content":{"rendered":"<div class=\"wp-block-group alignfull\"><div class=\"wp-block-group__inner-container is-layout-constrained wp-block-group-is-layout-constrained\"><h2 class=\"wp-block-heading\">Sites Web renfermant de l\u2019information sur le choix d&rsquo;une<\/h2>\n\n<ul class=\"wp-block-list\"><li><a href=\"http:\/\/www.canadiancareers.com\/\" target=\"_blank\" rel=\"noreferrer noopener\">Cliquez ici pour visiter CanadianCareers.com (en anglais seulement)<\/a><\/li>\n\n<li><a href=\"https:\/\/www.ontario.ca\/page\/ministry-colleges-universities\" target=\"_blank\" rel=\"noreferrer noopener\">Cliquez ici pour consulter des Renseignements sur le march\u00e9 du travail \/ le minist\u00e8re de la Formation et des Coll\u00e8ges et Universit\u00e9s<\/a><\/li><\/ul>\n\n<h2 class=\"wp-block-heading\">Sites Web comportant de l\u2019information sur les carri\u00e8res et les m\u00e9tiers sp\u00e9cialis\u00e9s<\/h2>\n\n<ul class=\"wp-block-list\"><li><a href=\"https:\/\/www.ontario.ca\/page\/better-jobs-ontario\" target=\"_blank\" rel=\"noreferrer noopener\">Cliquez ici pour visiter le site du Gouvernement de l\u2019Ontario \u2013 Connexions M\u00e9tiers<\/a><\/li>\n\n<li><a href=\"http:\/\/www.caf-fca.org\/\" target=\"_blank\" rel=\"noreferrer noopener\">Cliquez ici pour visiter le Forum canadien sur l\u2019apprentissage<\/a><\/li>\n\n<li><a href=\"http:\/\/www.apprenticesearch.com\/\" target=\"_blank\" rel=\"noreferrer noopener\">Cliquez ici pour consulter le site du Halton Industry Education Council<\/a><\/li><\/ul>\n\n<h2 class=\"wp-block-heading\">Sites Web comportant de l\u2019information sur l\u2019enseignement<\/h2>\n\n<ul class=\"wp-block-list\"><li><a href=\"https:\/\/canadianvirtualservices.com\/fr\/universite-virtuelle-canadienne\/\" target=\"_blank\" rel=\"noreferrer noopener\">Click here to visit Canadian Virtual University<\/a><\/li>\n\n<li><a href=\"https:\/\/educationcanada.com\/\" target=\"_blank\" rel=\"noreferrer noopener\">Cliquez ici pour visiter \u00c9ducation@Canada<\/a><\/li>\n\n<li><a href=\"http:\/\/www.ilc.org\/\" target=\"_blank\" rel=\"noreferrer noopener\">Cliquez ici pour visiter le site de l\u2019\u00c9cole secondaire \u00e0 distance de l\u2019Ontario<\/a><\/li>\n\n<li><a href=\"http:\/\/www.edu.gov.on.ca\/\" target=\"_blank\" rel=\"noreferrer noopener\">Cliquez ici pour visiter le site du Minist\u00e8re de l\u2019\u00c9ducation<\/a><\/li>\n\n<li><a href=\"http:\/\/www.ontariocolleges.ca\/\" target=\"_blank\" rel=\"noreferrer noopener\">Cliquez ici pour visiter le Service d\u2019admission des coll\u00e8ges de l\u2019Ontario<\/a><\/li>\n\n<li><a href=\"http:\/\/www.ontariolearn.com\/\" target=\"_blank\" rel=\"noreferrer noopener\">Cliquez ici pour visiter OntarioLearn.com<\/a><\/li>\n\n<li><a href=\"http:\/\/www.ouac.on.ca\/\" target=\"_blank\" rel=\"noreferrer noopener\">Cliquez ici pour visiter le Centre de demande d\u2019admission aux universit\u00e9s de l\u2019Ontario<\/a><\/li>\n\n<li><a href=\"http:\/\/www.schoolfinder.com\/\" target=\"_blank\" rel=\"noreferrer noopener\">Cliquez ici pour visiter SchoolFinder.com<\/a><\/li>\n\n<li><a href=\"http:\/\/www.studyincanada.com\/\" target=\"_blank\" rel=\"noreferrer noopener\">Cliquez ici pour visiter le site \u00c9tudier au Canada<\/a><\/li><\/ul>\n\n<h2 class=\"wp-block-heading\">Sites Web comportant de l\u2019information sur les opportunit\u00e9s d\u2019emplois<\/h2>\n\n<ul class=\"wp-block-list\"><li><a href=\"http:\/\/www.canadajobs.com\/\" target=\"_blank\" rel=\"noreferrer noopener\">Cliquez ici pour visiter Canadajobs.com<\/a><\/li>\n\n<li><a href=\"http:\/\/www.working.com\/\" target=\"_blank\" rel=\"noreferrer noopener\">Cliquez ici pour visiter Working.com<\/a><\/li>\n\n<li><a href=\"http:\/\/www.cooljobscanada.com\/\" target=\"_blank\" rel=\"noreferrer noopener\">Cliquez ici pour visiter CoolJobsCanada<\/a><\/li>\n\n<li><a href=\"https:\/\/www.canada.ca\/en\/canadian-heritage\/services\/funding\/exchanges-canada.html\" target=\"_blank\" rel=\"noreferrer noopener\">Cliquez ici pour visiter le site \u00c9changes Canada<\/a><\/li>\n\n<li><a href=\"https:\/\/jobshark.com\/ca\/en\/Search-for-Jobs\/\" target=\"_blank\" rel=\"noreferrer noopener\">Cliquez ici pour visiter le site JobShark<\/a><\/li>\n\n<li><a href=\"http:\/\/www.monster.ca\/\" target=\"_blank\" rel=\"noreferrer noopener\">Cliquez ici pour visiter Monster.ca<\/a><\/li>\n\n<li><a href=\"http:\/\/www.jobbank.gc.ca\/\" target=\"_blank\" rel=\"noreferrer noopener\">Cliquez ici pour visiter le Guichet Emplois<\/a><\/li>\n\n<li><a href=\"http:\/\/www.gojobs.on.ca\/\" target=\"_blank\" rel=\"noreferrer noopener\">Cliquez ici pour consulter les Offres d\u2019emploi du gouvernement de l\u2019Ontario<\/a><\/li>\n\n<li><a href=\"http:\/\/www.internship.gov.on.ca\/\" target=\"_blank\" rel=\"noreferrer noopener\">Cliquez ici pour consulter le Programme de stages de l\u2019Ontario<\/a><\/li>\n\n<li><a href=\"https:\/\/www.canada.ca\/en\/services\/benefits\/disability.html\" target=\"_blank\" rel=\"noreferrer noopener\">Cliquez ici pour visiter le site Personnes handicap\u00e9es en direct<\/a><\/li>\n\n<li><a href=\"http:\/\/www.jobs.gc.ca\/\" target=\"_blank\" rel=\"noreferrer noopener\">Cliquez ici pour visiter le site de la Commission de la fonction publique du Canada<\/a><\/li>\n\n<li><a href=\"http:\/\/onwin.ca\/\">Cliquez ici pour visiter onwin.ca<\/a><\/li>\n\n<li><a href=\"http:\/\/www.workopolis.com\/\" target=\"_blank\" rel=\"noreferrer noopener\">Cliquez ici pour visiter Workopolis.com<\/a><\/li>\n\n<li><a href=\"http:\/\/www.youthconnect.ca\/\" target=\"_blank\" rel=\"noreferrer noopener\">Cliquez ici pour visiter le site Perspectives Jeunesse Ontario (comprend les emplois d\u2019\u00e9t\u00e9)<\/a><\/li>\n\n<li><a href=\"http:\/\/www.charityvillage.com\/\" target=\"_blank\" rel=\"noreferrer noopener\">Cliquez ici pour visiter le site Charity Village<\/a><\/li>\n\n<li><a href=\"http:\/\/www.ontariomunicipaljobs.com\/\" target=\"_blank\" rel=\"noreferrer noopener\">Cliquez ici pour consulter Emplois Municipaux Ontario<\/a><\/li>\n\n<li><a href=\"http:\/\/www.ottawa.ca\/\" target=\"_blank\" rel=\"noreferrer noopener\">Cliquez ici pour visiter le site de la Ville d\u2019Ottawa<\/a><\/li>\n\n<li><a href=\"http:\/\/ca.indeed.com\/\" target=\"_blank\" rel=\"noreferrer noopener\">Cliquez ici pour consulter le site Indeed<\/a><\/li>\n\n<li><a href=\"http:\/\/www.job-applications.ca\/\" target=\"_blank\" rel=\"noreferrer noopener\">Cliquez ici pour consulter le site Job-Applications.ca<\/a><\/li>\n\n<li><a href=\"http:\/\/www.wowjobs.ca\/\" target=\"_blank\" rel=\"noreferrer noopener\">Cliquez ici pour consulter le site WowJobs.ca<\/a><\/li><\/ul>\n\n<h2 class=\"wp-block-heading\">Sites Web renfermant de l\u2019information sur la fa\u00e7on de d\u00e9buter votre propre entreprise<\/h2>\n\n<ul class=\"wp-block-list\"><li><a href=\"https:\/\/www.ontario.ca\/page\/ministry-economic-development-job-creation-trade\" target=\"_blank\" rel=\"noreferrer noopener\">Cliquez ici pour vous rendre sur le site du Minist\u00e8re du D\u00e9veloppement \u00e9conomique et du Commerce<\/a><\/li>\n\n<li><a href=\"https:\/\/www.canada.ca\/en\/services\/business.html\" target=\"_blank\" rel=\"noreferrer noopener\">Cliquez ici pour visiter Entreprises Canada \u2013 Services gouvernementaux pour entrepreneurs<\/a><\/li>\n\n<li><a href=\"http:\/\/www.innovationcentre.ca\/\" target=\"_blank\" rel=\"noreferrer noopener\">Cliquez ici pour visiter le site du Canadian Innovation Centre<\/a><\/li>\n\n<li><a href=\"https:\/\/www.canada.ca\/en\/news\/archive\/2014\/02\/canadian-youth-business-foundation.html\" target=\"_blank\" rel=\"noreferrer noopener\">Cliquez ici pour visiter la Fondation canadienne des jeunes entrepreneurs<\/a><\/li>\n\n<li><a href=\"http:\/\/www.enterweb.org\/\" target=\"_blank\" rel=\"noreferrer noopener\">Cliquez ici pour consulter EnterWeb<\/a><\/li>\n\n<li><a href=\"http:\/\/www.jacan.org\/\" target=\"_blank\" rel=\"noreferrer noopener\">Cliquez ici pour visiter le site des Jeunes Entreprises<\/a><\/li>\n\n<li><a href=\"http:\/\/www.strategis.ic.gc.ca\/\" target=\"_blank\" rel=\"noreferrer noopener\">Cliquez ici pour consulter le site Strategis<\/a><\/li><\/ul>\n\n<h2 class=\"wp-block-heading\">Sites Web comportant de l\u2019information concernant les pr\u00eats, les subventions et les bourses<\/h2>\n\n<ul class=\"wp-block-list\"><li><a href=\"http:\/\/www.hrsdc.gc.ca\/\" target=\"_blank\" rel=\"noreferrer noopener\">Cliquez ici pour consulter le Programme canadien de pr\u00eats aux \u00e9tudiants<\/a><\/li>\n\n<li><a href=\"https:\/\/www.csnpe-nslsc.canada.ca\/en\/home\" target=\"_blank\" rel=\"noreferrer noopener\">Cliquez ici pour consulter le Centre de service national de pr\u00eats aux \u00e9tudiants<\/a><\/li>\n\n<li><a href=\"https:\/\/osap.gov.on.ca\/OSAPSecurityWeb\/public\/login.xhtml\" target=\"_blank\" rel=\"noreferrer noopener\">Cliquez ici pour consulter le R\u00e9gime d\u2019aide financi\u00e8re aux \u00e9tudiants de l\u2019Ontario (RAFEO)<\/a><\/li>\n\n<li><a href=\"http:\/\/www.scholarshipscanada.com\/\" target=\"_blank\" rel=\"noreferrer noopener\">Cliquez ici pour visiter le site ScholarshipsCanada.com<\/a><\/li>\n\n<li><a href=\"http:\/\/www.studentawards.com\/\" target=\"_blank\" rel=\"noreferrer noopener\">Cliquez ici pour visiter le site StudentAwards.com<\/a><\/li><\/ul>\n\n<h2 class=\"wp-block-heading\">Sites Web renfermant de l\u2019information destin\u00e9e aux Autochtone<\/h2>\n\n<ul class=\"wp-block-list\"><li><a href=\"https:\/\/indigenousworks.ca\/en\" target=\"_blank\" rel=\"noreferrer noopener\">Cliquez ici pour consulter le Conseil pour le d\u00e9veloppement des ressources humaines autochtones du Canada<\/a><\/li>\n\n<li><a href=\"http:\/\/www.aboriginalinstitute.com\/\" target=\"_blank\" rel=\"noreferrer noopener\">Cliquez ici pour visiter le site Aboriginal Institutes\u2019 Consortium<\/a><\/li>\n\n<li><a href=\"http:\/\/www.ayn.ca\/\" target=\"_blank\" rel=\"noreferrer noopener\">Cliquez ici pour visiter le site Aboriginal Youth Network<\/a><\/li>\n\n<li><a href=\"http:\/\/www.afn.ca\/\" target=\"_blank\" rel=\"noreferrer noopener\">Cliquez ici pour visiter le site de l\u2019Assembl\u00e9e des Premi\u00e8res Nations<\/a><\/li>\n\n<li><a href=\"http:\/\/www.employmentflyers.org\/\" target=\"_blank\" rel=\"noreferrer noopener\">Cliquez ici pour consulter Employment Flyers.org \u2013 Aboriginal Programs (YMCA, Toronto)<\/a><\/li>\n\n<li><a href=\"http:\/\/www.gezhtoojig.ca\/\" target=\"_blank\" rel=\"noreferrer noopener\">Cliquez ici pour consulter Gezhtoojig Employment and Training \u2013 Sudbury<\/a><\/li>\n\n<li><a href=\"http:\/\/www.greatsn.com\/\" target=\"_blank\" rel=\"noreferrer noopener\">Cliquez ici pour visiter Grand River Employment and Training (GREAT) \u2013 Ohsweken<\/a><\/li>\n\n<li><a href=\"http:\/\/www.ainc-inac.gc.ca\/\" target=\"_blank\" rel=\"noreferrer noopener\">Cliquez ici pour visiter le site des Affaires indiennes et du Nord Canada<\/a><\/li>\n\n<li><a href=\"http:\/\/www.miziwebiik.com\/\" target=\"_blank\" rel=\"noreferrer noopener\">Cliquez ici pour consulter Miziwe Biik Aboriginal Employment and Training \u2013 Toronto<\/a><\/li>\n\n<li><a href=\"http:\/\/www.nativeaffairs.jus.gov.on.ca\/\" target=\"_blank\" rel=\"noreferrer noopener\">Cliquez ici pour visiter le site du Secr\u00e9tariat des affaires autochtones de l\u2019Ontario<\/a><\/li>\n\n<li><a href=\"http:\/\/www.saymag.com\/\" target=\"_blank\" rel=\"noreferrer noopener\">Cliquez ici pour consulter la revue SAY (Spirit of Aboriginal Youth)<\/a><\/li>\n\n<li><a href=\"http:\/\/www.nechi.com\/\" target=\"_blank\" rel=\"noreferrer noopener\">Cliquez ici pour visiter le site du Training, Research &amp; Health Promotions Institute<\/a><\/li>\n\n<li><a href=\"http:\/\/www.ccab.com\/\" target=\"_blank\" rel=\"noreferrer noopener\">Cliquez ici pour visiter le site du Canadian Council for Aboriginal Business:<\/a><\/li><\/ul>\n\n<h2 class=\"wp-block-heading\">Sites Web renfermant de l\u2019information destin\u00e9e aux nouveaux Canadiens<\/h2>\n\n<ul class=\"wp-block-list\"><li><a href=\"http:\/\/www.canadainternational.gc.ca\/\" target=\"_blank\" rel=\"noreferrer noopener\">Cliquez ici pour visiter Canada International \u2013 Service pour les non-Canadiens<\/a><\/li>\n\n<li><a href=\"http:\/\/www.cicic.ca\/\" target=\"_blank\" rel=\"noreferrer noopener\">Cliquez ici pour consulter le Centre d\u2019information canadien sur les dipl\u00f4mes internationaux<\/a><\/li>\n\n<li><a href=\"http:\/\/www.careerbridge.ca\/\" target=\"_blank\" rel=\"noreferrer noopener\">Cliquez ici pour consulter AvantageCarri\u00e8re<\/a><\/li>\n\n<li><a href=\"http:\/\/www.careerbridge.ca\/\" target=\"_blank\" rel=\"noreferrer noopener\">Cliquez ici pour visiter l\u2019OCASI \u2013 Ontario Council of Agencies Serving Immigrants<\/a><\/li>\n\n<li><a href=\"http:\/\/www.settlement.org\/\" target=\"_blank\" rel=\"noreferrer noopener\">Cliquez ici pour visiter \u00c9tablissement.Org<\/a><\/li>\n\n<li><a href=\"http:\/\/www.wes.org\/ca\" target=\"_blank\" rel=\"noreferrer noopener\">Cliquez pour visiter le Service d\u2019\u00e9valuation des dipl\u00f4mes \u00e9trangers<\/a><\/li>\n\n<li><a href=\"http:\/\/www.citizenship.gov.on.ca\/english\/newcomers\/index.shtml\" target=\"_blank\" rel=\"noreferrer noopener\">Cliquez ici pour consulter un survol des pr\u00e9requis:<\/a>:<\/li><\/ul>\n\n<h2 class=\"wp-block-heading\">Sites Web comportant de l\u2019information sur le march\u00e9 du travai<\/h2>\n\n<p><a href=\"http:\/\/www.tcu.gov.on.ca\/eng\/\" target=\"_blank\" rel=\"noreferrer noopener\">Cliquez ici pour consulter de l\u2019Information sur le march\u00e9 du travail<\/a><\/p>\n\n<h2 class=\"wp-block-heading\">Sites Web comportant de l\u2019information sur les moyens de transport<\/h2>\n\n<ul class=\"wp-block-list\"><li><a href=\"http:\/\/www.octranspo.com\/\" target=\"_blank\" rel=\"noreferrer noopener\">Cliquez ici pour visiter OC Transpo<\/a><\/li>\n\n<li><a href=\"http:\/\/www.greyhound.ca\/\" target=\"_blank\" rel=\"noreferrer noopener\">Cliquez ici pour consulter le site de Greyhound<\/a><\/li>\n\n<li><a href=\"http:\/\/www.viarail.ca\/\" target=\"_blank\" rel=\"noreferrer noopener\">Cliquez ici pour visiter le site de VIA Rail<\/a><\/li>\n\n<li><a href=\"http:\/\/www.aircanada.com\/\" target=\"_blank\" rel=\"noreferrer noopener\">Cliquez ici pour consulter Air Canada<\/a><\/li>\n\n<li><a href=\"http:\/\/www.expedia.ca\/\" target=\"_blank\" rel=\"noreferrer noopener\">Cliquez ici pour visiter Expedia<\/a><\/li><\/ul>\n\n<h2 class=\"wp-block-heading\">Autres sites Web utiles<\/h2>\n\n<ul class=\"wp-block-list\"><li><a href=\"http:\/\/www.mcss.gov.on.ca\/\" target=\"_blank\" rel=\"noreferrer noopener\">Cliquez ici pour consulter le Programme ontarien de soutien aux personnes handicap\u00e9es<\/a><\/li>\n\n<li><a href=\"http:\/\/www.mcss.gov.on.ca\/\" target=\"_blank\" rel=\"noreferrer noopener\">Cliquez ici pour consulter Ontario au travail<\/a><\/li>\n\n<li><a href=\"http:\/\/www.typingtest.com\/\" target=\"_blank\" rel=\"noreferrer noopener\">Cliquez ici pour visiter le site Typing Tests<\/a><\/li>\n\n<li><a href=\"http:\/\/www.french.about.com\/\" target=\"_blank\" rel=\"noreferrer noopener\">Cliquez ici pour des le\u00e7ons de fran\u00e7ais<\/a><\/li><\/ul><\/div><\/div>","protected":false},"excerpt":{"rendered":"<p>Sites Web renfermant de l\u2019information sur le choix d&rsquo;une Sites Web comportant de l\u2019information sur les carri\u00e8res et les m\u00e9tiers sp\u00e9cialis\u00e9s Sites Web comportant de l\u2019information sur l\u2019enseignement Sites Web comportant de l\u2019information sur les opportunit\u00e9s d\u2019emplois Sites Web renfermant de l\u2019information sur la fa\u00e7on de d\u00e9buter votre propre entreprise Sites Web comportant de l\u2019information [&hellip;]<\/p>\n","protected":false},"author":1,"featured_media":0,"parent":504,"menu_order":0,"comment_status":"closed","ping_status":"closed","template":"","meta":{"inline_featured_image":false,"_lmt_disableupdate":"","_lmt_disable":"","footnotes":""},"class_list":["post-508","page","type-page","status-publish","hentry"],"acf":[],"yoast_head":"<!-- This site is optimized with the Yoast SEO plugin v21.7 - https:\/\/yoast.com\/wordpress\/plugins\/seo\/ -->\n<title>Services aux personnes handicap\u00e9es \u2013 Ottawa | \u00c9cole professionnelle \u2013 R\u00e9adaptation - Ressources<\/title>\n<meta name=\"description\" content=\"Performance Plus \u2013 Soins en R\u00e9adaptation est une compagnie bilingue sp\u00e9cialis\u00e9e en r\u00e9adaptation et offrant des services d\u2019\u00e9valuation, d\u2019ajustement \u00e0 un handicap et d\u2019aide au retour au travail\" \/>\n<meta name=\"robots\" content=\"index, follow, max-snippet:-1, max-image-preview:large, max-video-preview:-1\" \/>\n<link rel=\"canonical\" href=\"https:\/\/pprc.ca\/fr\/le-choix-dune-nouvelle-carriere\/ressources\/ressources-communautaires\/\" \/>\n<meta property=\"og:locale\" content=\"fr_FR\" \/>\n<meta property=\"og:type\" content=\"article\" \/>\n<meta property=\"og:title\" content=\"Services aux personnes handicap\u00e9es \u2013 Ottawa | \u00c9cole professionnelle \u2013 R\u00e9adaptation - Ressources\" \/>\n<meta property=\"og:description\" content=\"Performance Plus \u2013 Soins en R\u00e9adaptation est une compagnie bilingue sp\u00e9cialis\u00e9e en r\u00e9adaptation et offrant des services d\u2019\u00e9valuation, d\u2019ajustement \u00e0 un handicap et d\u2019aide au retour au travail\" \/>\n<meta property=\"og:url\" content=\"https:\/\/pprc.ca\/fr\/le-choix-dune-nouvelle-carriere\/ressources\/ressources-communautaires\/\" \/>\n<meta property=\"og:site_name\" content=\"Performance Plus - Soins en R\u00e9adaptation inc.\" \/>\n<meta property=\"article:publisher\" content=\"https:\/\/www.facebook.com\/Performance-Plus-Rehabilitative-Care-Inc-172441926133114\/\" \/>\n<meta property=\"article:modified_time\" content=\"2024-03-04T15:55:52+00:00\" \/>\n<meta name=\"twitter:card\" content=\"summary_large_image\" \/>\n<meta name=\"twitter:site\" content=\"@PPRCOttawa\" \/>\n<meta name=\"twitter:label1\" content=\"Dur\u00e9e de lecture estim\u00e9e\" \/>\n\t<meta name=\"twitter:data1\" content=\"4 minutes\" \/>\n<script type=\"application\/ld+json\" class=\"yoast-schema-graph\">{\"@context\":\"https:\/\/schema.org\",\"@graph\":[{\"@type\":\"WebPage\",\"@id\":\"https:\/\/pprc.ca\/fr\/le-choix-dune-nouvelle-carriere\/ressources\/ressources-communautaires\/\",\"url\":\"https:\/\/pprc.ca\/fr\/le-choix-dune-nouvelle-carriere\/ressources\/ressources-communautaires\/\",\"name\":\"Services aux personnes handicap\u00e9es \u2013 Ottawa | \u00c9cole professionnelle \u2013 R\u00e9adaptation - Ressources\",\"isPartOf\":{\"@id\":\"https:\/\/pprc.ca\/fr\/#website\"},\"datePublished\":\"2022-12-06T23:54:36+00:00\",\"dateModified\":\"2024-03-04T15:55:52+00:00\",\"description\":\"Performance Plus \u2013 Soins en R\u00e9adaptation est une compagnie bilingue sp\u00e9cialis\u00e9e en r\u00e9adaptation et offrant des services d\u2019\u00e9valuation, d\u2019ajustement \u00e0 un handicap et d\u2019aide au retour au travail\",\"breadcrumb\":{\"@id\":\"https:\/\/pprc.ca\/fr\/le-choix-dune-nouvelle-carriere\/ressources\/ressources-communautaires\/#breadcrumb\"},\"inLanguage\":\"fr-FR\",\"potentialAction\":[{\"@type\":\"ReadAction\",\"target\":[\"https:\/\/pprc.ca\/fr\/le-choix-dune-nouvelle-carriere\/ressources\/ressources-communautaires\/\"]}]},{\"@type\":\"BreadcrumbList\",\"@id\":\"https:\/\/pprc.ca\/fr\/le-choix-dune-nouvelle-carriere\/ressources\/ressources-communautaires\/#breadcrumb\",\"itemListElement\":[{\"@type\":\"ListItem\",\"position\":1,\"name\":\"Accueil\",\"item\":\"https:\/\/pprc.ca\/fr\/\"},{\"@type\":\"ListItem\",\"position\":2,\"name\":\"Le choix d\u2019une nouvelle carri\u00e8re\",\"item\":\"https:\/\/pprc.ca\/fr\/le-choix-dune-nouvelle-carriere\/\"},{\"@type\":\"ListItem\",\"position\":3,\"name\":\"Ressources\",\"item\":\"https:\/\/pprc.ca\/fr\/le-choix-dune-nouvelle-carriere\/ressources\/\"},{\"@type\":\"ListItem\",\"position\":4,\"name\":\"Ressources communautaires\"}]},{\"@type\":\"WebSite\",\"@id\":\"https:\/\/pprc.ca\/fr\/#website\",\"url\":\"https:\/\/pprc.ca\/fr\/\",\"name\":\"Performance Plus - Soins en R\u00e9adaptation inc.\",\"description\":\"\",\"publisher\":{\"@id\":\"https:\/\/pprc.ca\/fr\/#organization\"},\"potentialAction\":[{\"@type\":\"SearchAction\",\"target\":{\"@type\":\"EntryPoint\",\"urlTemplate\":\"https:\/\/pprc.ca\/fr\/?s={search_term_string}\"},\"query-input\":\"required name=search_term_string\"}],\"inLanguage\":\"fr-FR\"},{\"@type\":\"Organization\",\"@id\":\"https:\/\/pprc.ca\/fr\/#organization\",\"name\":\"Performance Plus - Soins en R\u00e9adaptation inc.\",\"url\":\"https:\/\/pprc.ca\/fr\/\",\"logo\":{\"@type\":\"ImageObject\",\"inLanguage\":\"fr-FR\",\"@id\":\"https:\/\/pprc.ca\/fr\/#\/schema\/logo\/image\/\",\"url\":\"https:\/\/pprc.ca\/wp-content\/uploads\/2022\/12\/PPSR-logo-icon-1.png\",\"contentUrl\":\"https:\/\/pprc.ca\/wp-content\/uploads\/2022\/12\/PPSR-logo-icon-1.png\",\"width\":158,\"height\":148,\"caption\":\"Performance Plus - Soins en R\u00e9adaptation inc.\"},\"image\":{\"@id\":\"https:\/\/pprc.ca\/fr\/#\/schema\/logo\/image\/\"},\"sameAs\":[\"https:\/\/www.facebook.com\/Performance-Plus-Rehabilitative-Care-Inc-172441926133114\/\",\"https:\/\/twitter.com\/PPRCOttawa\",\"https:\/\/www.youtube.com\/channel\/UCBnhuJDUkY4Qmi94FKUKbSQ\",\"https:\/\/www.linkedin.com\/company\/performance-plus-rehabilitative-care-inc.\/\"]}]}<\/script>\n<!-- \/ Yoast SEO plugin. -->","yoast_head_json":{"title":"Services aux personnes handicap\u00e9es \u2013 Ottawa | \u00c9cole professionnelle \u2013 R\u00e9adaptation - Ressources","description":"Performance Plus \u2013 Soins en R\u00e9adaptation est une compagnie bilingue sp\u00e9cialis\u00e9e en r\u00e9adaptation et offrant des services d\u2019\u00e9valuation, d\u2019ajustement \u00e0 un handicap et d\u2019aide au retour au travail","robots":{"index":"index","follow":"follow","max-snippet":"max-snippet:-1","max-image-preview":"max-image-preview:large","max-video-preview":"max-video-preview:-1"},"canonical":"https:\/\/pprc.ca\/fr\/le-choix-dune-nouvelle-carriere\/ressources\/ressources-communautaires\/","og_locale":"fr_FR","og_type":"article","og_title":"Services aux personnes handicap\u00e9es \u2013 Ottawa | \u00c9cole professionnelle \u2013 R\u00e9adaptation - Ressources","og_description":"Performance Plus \u2013 Soins en R\u00e9adaptation est une compagnie bilingue sp\u00e9cialis\u00e9e en r\u00e9adaptation et offrant des services d\u2019\u00e9valuation, d\u2019ajustement \u00e0 un handicap et d\u2019aide au retour au travail","og_url":"https:\/\/pprc.ca\/fr\/le-choix-dune-nouvelle-carriere\/ressources\/ressources-communautaires\/","og_site_name":"Performance Plus - Soins en R\u00e9adaptation inc.","article_publisher":"https:\/\/www.facebook.com\/Performance-Plus-Rehabilitative-Care-Inc-172441926133114\/","article_modified_time":"2024-03-04T15:55:52+00:00","twitter_card":"summary_large_image","twitter_site":"@PPRCOttawa","twitter_misc":{"Dur\u00e9e de lecture estim\u00e9e":"4 minutes"},"schema":{"@context":"https:\/\/schema.org","@graph":[{"@type":"WebPage","@id":"https:\/\/pprc.ca\/fr\/le-choix-dune-nouvelle-carriere\/ressources\/ressources-communautaires\/","url":"https:\/\/pprc.ca\/fr\/le-choix-dune-nouvelle-carriere\/ressources\/ressources-communautaires\/","name":"Services aux personnes handicap\u00e9es \u2013 Ottawa | \u00c9cole professionnelle \u2013 R\u00e9adaptation - Ressources","isPartOf":{"@id":"https:\/\/pprc.ca\/fr\/#website"},"datePublished":"2022-12-06T23:54:36+00:00","dateModified":"2024-03-04T15:55:52+00:00","description":"Performance Plus \u2013 Soins en R\u00e9adaptation est une compagnie bilingue sp\u00e9cialis\u00e9e en r\u00e9adaptation et offrant des services d\u2019\u00e9valuation, d\u2019ajustement \u00e0 un handicap et d\u2019aide au retour au travail","breadcrumb":{"@id":"https:\/\/pprc.ca\/fr\/le-choix-dune-nouvelle-carriere\/ressources\/ressources-communautaires\/#breadcrumb"},"inLanguage":"fr-FR","potentialAction":[{"@type":"ReadAction","target":["https:\/\/pprc.ca\/fr\/le-choix-dune-nouvelle-carriere\/ressources\/ressources-communautaires\/"]}]},{"@type":"BreadcrumbList","@id":"https:\/\/pprc.ca\/fr\/le-choix-dune-nouvelle-carriere\/ressources\/ressources-communautaires\/#breadcrumb","itemListElement":[{"@type":"ListItem","position":1,"name":"Accueil","item":"https:\/\/pprc.ca\/fr\/"},{"@type":"ListItem","position":2,"name":"Le choix d\u2019une nouvelle carri\u00e8re","item":"https:\/\/pprc.ca\/fr\/le-choix-dune-nouvelle-carriere\/"},{"@type":"ListItem","position":3,"name":"Ressources","item":"https:\/\/pprc.ca\/fr\/le-choix-dune-nouvelle-carriere\/ressources\/"},{"@type":"ListItem","position":4,"name":"Ressources communautaires"}]},{"@type":"WebSite","@id":"https:\/\/pprc.ca\/fr\/#website","url":"https:\/\/pprc.ca\/fr\/","name":"Performance Plus - Soins en R\u00e9adaptation inc.","description":"","publisher":{"@id":"https:\/\/pprc.ca\/fr\/#organization"},"potentialAction":[{"@type":"SearchAction","target":{"@type":"EntryPoint","urlTemplate":"https:\/\/pprc.ca\/fr\/?s={search_term_string}"},"query-input":"required name=search_term_string"}],"inLanguage":"fr-FR"},{"@type":"Organization","@id":"https:\/\/pprc.ca\/fr\/#organization","name":"Performance Plus - Soins en R\u00e9adaptation inc.","url":"https:\/\/pprc.ca\/fr\/","logo":{"@type":"ImageObject","inLanguage":"fr-FR","@id":"https:\/\/pprc.ca\/fr\/#\/schema\/logo\/image\/","url":"https:\/\/pprc.ca\/wp-content\/uploads\/2022\/12\/PPSR-logo-icon-1.png","contentUrl":"https:\/\/pprc.ca\/wp-content\/uploads\/2022\/12\/PPSR-logo-icon-1.png","width":158,"height":148,"caption":"Performance Plus - Soins en R\u00e9adaptation inc."},"image":{"@id":"https:\/\/pprc.ca\/fr\/#\/schema\/logo\/image\/"},"sameAs":["https:\/\/www.facebook.com\/Performance-Plus-Rehabilitative-Care-Inc-172441926133114\/","https:\/\/twitter.com\/PPRCOttawa","https:\/\/www.youtube.com\/channel\/UCBnhuJDUkY4Qmi94FKUKbSQ","https:\/\/www.linkedin.com\/company\/performance-plus-rehabilitative-care-inc.\/"]}]}},"jetpack_sharing_enabled":true,"_links":{"self":[{"href":"https:\/\/pprc.ca\/fr\/wp-json\/wp\/v2\/pages\/508","targetHints":{"allow":["GET"]}}],"collection":[{"href":"https:\/\/pprc.ca\/fr\/wp-json\/wp\/v2\/pages"}],"about":[{"href":"https:\/\/pprc.ca\/fr\/wp-json\/wp\/v2\/types\/page"}],"author":[{"embeddable":true,"href":"https:\/\/pprc.ca\/fr\/wp-json\/wp\/v2\/users\/1"}],"replies":[{"embeddable":true,"href":"https:\/\/pprc.ca\/fr\/wp-json\/wp\/v2\/comments?post=508"}],"version-history":[{"count":4,"href":"https:\/\/pprc.ca\/fr\/wp-json\/wp\/v2\/pages\/508\/revisions"}],"predecessor-version":[{"id":1139,"href":"https:\/\/pprc.ca\/fr\/wp-json\/wp\/v2\/pages\/508\/revisions\/1139"}],"up":[{"embeddable":true,"href":"https:\/\/pprc.ca\/fr\/wp-json\/wp\/v2\/pages\/504"}],"wp:attachment":[{"href":"https:\/\/pprc.ca\/fr\/wp-json\/wp\/v2\/media?parent=508"}],"curies":[{"name":"wp","href":"https:\/\/api.w.org\/{rel}","templated":true}]}}