{"id":512,"date":"2022-12-06T14:48:12","date_gmt":"2022-12-06T19:48:12","guid":{"rendered":"http:\/\/ppr-04.eproofs.ca\/comment-nous-aidons-les-employeurs\/"},"modified":"2022-12-23T12:04:13","modified_gmt":"2022-12-23T17:04:13","slug":"comment-nous-aidons-les-employeurs","status":"publish","type":"page","link":"https:\/\/pprc.ca\/fr\/comment-nous-aidons-les-employeurs\/","title":{"rendered":"Comment nous aidons les employeurs"},"content":{"rendered":"<div class=\"wp-block-group alignfull has-theme-grey-background-color has-background\"><div class=\"wp-block-group__inner-container is-layout-constrained wp-block-group-is-layout-constrained\"><div class=\"wp-block-columns is-layout-flex wp-container-core-columns-is-layout-9d6595d7 wp-block-columns-is-layout-flex\"><div class=\"wp-block-column is-layout-flow wp-block-column-is-layout-flow\" style=\"flex-basis:40%\"><p>PPSR aide les employeurs des secteurs publics et priv\u00e9s \u00e0 trouver des employ\u00e9s fiables sans qu\u2019ils aient \u00e0 d\u00e9penser un seul sou pour ce service. Nous jumelons vos besoins \u00e0 un bassin de candidats s\u00e9rieux, fiables et motiv\u00e9s. Nous utilisons notre\u00a0<a title=\"Notre Processus d&#x2019;employabilit&#xE9; selon les &#xAB; capacit&#xE9;s &#xBB;\" href=\"https:\/\/pprc.ca\/fr\/le-choix-dune-nouvelle-carriere\/notre-processus-demployabilite-selon-les-capacites\/\">processus d\u2019employabilit\u00e9 selon les \u00ab capacit\u00e9s \u00bb \u00a0<\/a>afin de nous assurer d\u2019effectuer des jumelages employeurs-employ\u00e9s qui s\u2019av\u00e8reront des succ\u00e8s pour chacune des parties impliqu\u00e9es.<\/p><\/div>\n\n<div class=\"wp-block-column is-vertically-aligned-center is-layout-flow wp-block-column-is-layout-flow\" style=\"flex-basis:60%\"><figure class=\"wp-block-image size-full\"><img loading=\"lazy\" decoding=\"async\" width=\"1000\" height=\"667\" src=\"https:\/\/pprc.ca\/wp-content\/uploads\/2022\/12\/PPRC-1648-sitting-around-conference-table.jpg\" alt=\"Personnel du PPRC assis dans une salle de conf&#xE9;rence en train de discuter.\" class=\"wp-image-355\" srcset=\"https:\/\/pprc.ca\/wp-content\/uploads\/2022\/12\/PPRC-1648-sitting-around-conference-table.jpg 1000w, https:\/\/pprc.ca\/wp-content\/uploads\/2022\/12\/PPRC-1648-sitting-around-conference-table-600x400.jpg 600w, https:\/\/pprc.ca\/wp-content\/uploads\/2022\/12\/PPRC-1648-sitting-around-conference-table-300x200.jpg 300w\" sizes=\"auto, (max-width: 1000px) 100vw, 1000px\" \/><\/figure><\/div><\/div><\/div><\/div><div class=\"wp-block-group alignfull\"><div class=\"wp-block-group__inner-container is-layout-constrained wp-block-group-is-layout-constrained\"><p>Nous offrons \u00e9galement les services suivants aux employeurs :<\/p>\n\n<ul class=\"wp-block-list\"><li><a title=\"Partenariats\" href=\"https:\/\/pprc.ca\/fr\/comment-nous-aidons-les-employeurs\/partenariats\/\">Des partenariats<\/a><\/li>\n\n<li>Une assistance-placement, incluant:<ul class=\"wp-block-list\"><li>soutien \u00e0 l\u2019adaptation <\/li>\n\n<li>services d\u2019intervention<\/li>\n\n<li>and sensibilisation au handicap et formation \u00e0 l&rsquo;\u00e9tiquette<\/li><\/ul><\/li>\n\n<li><a href=\"https:\/\/pprc.ca\/fr\/comment-nous-aidons-les-employeurs\/#assessments\">Des \u00e9valuations du milieu de travai<\/a>l, tant fonctionnelles qu\u2019ergonomiques.<\/li><\/ul>\n\n<p>PPSR offre des services d\u2019ajustement aux handicaps et de r\u00e9adaptation professionnelle en collaboration avec le Programme ontarien de soutien aux personnes handicap\u00e9es \u2013 Soutien \u00e0 l\u2019emploi.\u00a0<a title=\"Contactez-nous\" href=\"https:\/\/pprc.ca\/fr\/contactez-nous\/\">Veuillez nous contacter<\/a>\u00a0pour obtenir de plus amples informations sur la fa\u00e7on dont nous aidons les employeurs.<\/p><\/div><\/div><div class=\"wp-block-group alignfull has-secondary-background-color has-background\"><div class=\"wp-block-group__inner-container is-layout-constrained wp-block-group-is-layout-constrained\"><div class=\"wp-block-columns is-layout-flex wp-container-core-columns-is-layout-9d6595d7 wp-block-columns-is-layout-flex\" id=\"placement\"><div class=\"wp-block-column is-layout-flow wp-block-column-is-layout-flow\"><h2 class=\"wp-block-heading\">Assistance-placement<\/h2>\n\n<p>PPSR se d\u00e9die \u00e0 soutenir de fa\u00e7on continue ses clients de m\u00eame que ses employeurs ouverts \u00e0 des placements.\u00a0PPSR fournit un suivi dans le cadre de l\u2019assistance-placement, incluant\u00a0un soutien \u00e0 l\u2019adaptation,\u00a0des services d\u2019intervention , et\u00a0une formation \u00e0 la sensibilisation\u00a0afin de s\u2019assurer de favoriser le succ\u00e8s pour toutes les parties impliqu\u00e9es. Pour en d\u00e9couvrir encore plus sur notre assistance-placement,\u00a0<a title=\"Contactez-nous\" href=\"https:\/\/pprc.ca\/fr\/contactez-nous\/\">veuillez nous contacter en cliquant ici<\/a> d\u00e8s aujourd\u2019hui.<\/p><\/div><\/div>\n\n<div class=\"wp-block-columns is-layout-flex wp-container-core-columns-is-layout-9d6595d7 wp-block-columns-is-layout-flex\" id=\"accomodation\"><div class=\"wp-block-column is-layout-flow wp-block-column-is-layout-flow\"><h3 class=\"wp-block-heading\">Soutien \u00e0 l\u2019adaptation<\/h3>\n\n<p>En tant qu\u2019employeur qui cherche \u00e0 embaucher l\u2019individu le mieux qualifi\u00e9, vous souhaiterez \u00e9valuer le plus large bassin possible de candidats, incluant des personnes handicap\u00e9es. Il existe un tr\u00e8s grand nombre d\u2019individus fortement instruits, motiv\u00e9s et fiables qui feraient des employ\u00e9s productifs, mais qui sont souvent laiss\u00e9s de c\u00f4t\u00e9 durant le processus de recrutement en raison de leur handicap. Gr\u00e2ce au soutien \u00e0 l\u2019adaptation, ces individus peuvent int\u00e9gr\u00e9s avec succ\u00e8s votre force de travail, souvent sans frais suppl\u00e9mentaires ou \u00e0 peu de frais.<\/p>\n\n<p>Le soutien \u00e0 l\u2019adaptation est une exigence, et non une option. En tant qu\u2019employeur, il est de votre devoir de fournir une adaptation aux personnes handicap\u00e9es en vertu de la\u00a0<a href=\"https:\/\/www.employmentequitychrc.ca\/fr\" target=\"_blank\" rel=\"noopener\">Loi sur l\u2019\u00e9quit\u00e9 en mati\u00e8re d\u2019emploi<\/a>\u00a0de la Commission canadienne des droits de la personne (<a href=\"https:\/\/www.employmentequitychrc.ca\/fr\" target=\"_blank\" rel=\"noopener\">cliquez ici pour consulter la Loi<\/a>).<\/p>\n\n<p>Chez PPSR nous pouvons assister les organismes publics et les compagnies du secteur priv\u00e9 de toutes les tailles \u00e0 mettre en place leurs services de soutien \u00e0 l\u2019adaptation. En fournissant conseils, consultations et services d\u2019\u00e9valuation, nous pouvons aider les entreprises \u00e0 se conformer \u00e0 leur devoir l\u00e9gal en mati\u00e8re de mesures d\u2019adaptation.<\/p><\/div><\/div><\/div><\/div><div class=\"wp-block-group alignfull\" id=\"assessments\"><div class=\"wp-block-group__inner-container is-layout-constrained wp-block-group-is-layout-constrained\"><h2 class=\"wp-block-heading\">\u00c9valuations du milieu de travail<\/h2>\n\n<p>La sant\u00e9 et la s\u00e9curit\u00e9 en milieu de travail devraient \u00eatre la priorit\u00e9 #1 de tous les employeurs. PPSR fournit des \u00e9valuations fonctionnelles et des \u00e9valuations ergonomiques du milieu de travail aux employeurs d\u00e9sirant s&rsquo;assurer que leurs installations sont s\u00e9curitaires et qu\u2019ils fournissent les mesures d\u2019adaptation n\u00e9cessaires aux personnes handicap\u00e9es au meilleur de leurs capacit\u00e9s.<\/p>\n\n<p>La sant\u00e9 et la s\u00e9curit\u00e9 en milieu de travail devraient \u00eatre la priorit\u00e9 #1 de tous les employeurs. PPSR fournit des \u00e9valuations fonctionnelles et des \u00e9valuations ergonomiques du milieu de travail aux employeurs d\u00e9sirant s\u2019assurer que leurs installations sont s\u00e9curitaires et qu\u2019ils fournissent les mesures d\u2019adaptation n\u00e9cessaires aux personnes handicap\u00e9es au meilleur de leurs capacit\u00e9s.<\/p><\/div><\/div><h2 class=\"wp-block-heading\">Sensibilisation au handicap et formation \u00e0 l&rsquo;\u00e9tiquette<\/h2><blockquote class=\"wp-block-quote is-layout-flow wp-block-quote-is-layout-flow\"><p>Joel a fourni du contenu solide \u00e0 la Monnaie royale canadienne et a \u00e9t\u00e9 un orateur tr\u00e8s convaincant.\u00a0&#13;\nNous sommes tr\u00e8s heureux du r\u00e9sultat &#8211; 94\u00a0participants et d\u2019excellents \u00e9changes. \u00a0 Nos hauts&#13;\ndirigeants et les participants ont clairement estim\u00e9 qu\u2019il s\u2019agissait d\u2019un \u00e9v\u00e9nement r\u00e9ussi gr\u00e2ce au&#13;\nleadership et aux id\u00e9es de Joel. \u00a0D\u2019autres succ\u00e8s sont \u00e0 venir alors que nous accueillons des personnes&#13;\nen situation de handicap dans notre entreprise et que nous aidons nos collaborateurs actuels&#13;\nconfront\u00e9s \u00e0 des obstacles \u00e0 se sentir \u00e0 l\u2019aise pour discuter de ce dont ils ont besoin pour r\u00e9ussir.\u00a0\u00bb<\/p><cite>La Monnaie royale canadienne<\/cite><\/blockquote>","protected":false},"excerpt":{"rendered":"<p>PPSR aide les employeurs des secteurs publics et priv\u00e9s \u00e0 trouver des employ\u00e9s fiables sans qu\u2019ils aient \u00e0 d\u00e9penser un seul sou pour ce service. Nous jumelons vos besoins \u00e0 un bassin de candidats s\u00e9rieux, fiables et motiv\u00e9s. Nous utilisons notre\u00a0processus d\u2019employabilit\u00e9 selon les \u00ab capacit\u00e9s \u00bb \u00a0afin de nous assurer d\u2019effectuer des jumelages employeurs-employ\u00e9s [&hellip;]<\/p>\n","protected":false},"author":1,"featured_media":0,"parent":0,"menu_order":0,"comment_status":"closed","ping_status":"closed","template":"","meta":{"inline_featured_image":false,"_lmt_disableupdate":"","_lmt_disable":"","footnotes":""},"class_list":["post-512","page","type-page","status-publish","hentry"],"acf":[],"yoast_head":"<!-- This site is optimized with the Yoast SEO plugin v21.7 - https:\/\/yoast.com\/wordpress\/plugins\/seo\/ -->\n<title>Services aux personnes handicap\u00e9es \u2013 Ottawa | \u00c9cole professionnelle \u2013 Partenariats avec des employeurs<\/title>\n<meta name=\"description\" content=\"Performance Plus \u2013 Soins en R\u00e9adaptation est une compagnie bilingue sp\u00e9cialis\u00e9e en r\u00e9adaptation et offrant des services d\u2019\u00e9valuation, d\u2019ajustement \u00e0 un handicap et d\u2019aide au retour au travail\" \/>\n<meta name=\"robots\" content=\"index, follow, max-snippet:-1, max-image-preview:large, max-video-preview:-1\" \/>\n<link rel=\"canonical\" href=\"https:\/\/pprc.ca\/fr\/comment-nous-aidons-les-employeurs\/\" \/>\n<meta property=\"og:locale\" content=\"fr_FR\" \/>\n<meta property=\"og:type\" content=\"article\" \/>\n<meta property=\"og:title\" content=\"Services aux personnes handicap\u00e9es \u2013 Ottawa | \u00c9cole professionnelle \u2013 Partenariats avec des employeurs\" \/>\n<meta property=\"og:description\" content=\"Performance Plus \u2013 Soins en R\u00e9adaptation est une compagnie bilingue sp\u00e9cialis\u00e9e en r\u00e9adaptation et offrant des services d\u2019\u00e9valuation, d\u2019ajustement \u00e0 un handicap et d\u2019aide au retour au travail\" \/>\n<meta property=\"og:url\" content=\"https:\/\/pprc.ca\/fr\/comment-nous-aidons-les-employeurs\/\" \/>\n<meta property=\"og:site_name\" content=\"Performance Plus - Soins en R\u00e9adaptation inc.\" \/>\n<meta property=\"article:publisher\" content=\"https:\/\/www.facebook.com\/Performance-Plus-Rehabilitative-Care-Inc-172441926133114\/\" \/>\n<meta property=\"article:modified_time\" content=\"2022-12-23T17:04:13+00:00\" \/>\n<meta property=\"og:image\" content=\"https:\/\/pprc.ca\/wp-content\/uploads\/2022\/12\/PPRC-1648-sitting-around-conference-table.jpg\" \/>\n<meta name=\"twitter:card\" content=\"summary_large_image\" \/>\n<meta name=\"twitter:site\" content=\"@PPRCOttawa\" \/>\n<meta name=\"twitter:label1\" content=\"Dur\u00e9e de lecture estim\u00e9e\" \/>\n\t<meta name=\"twitter:data1\" content=\"3 minutes\" \/>\n<script type=\"application\/ld+json\" class=\"yoast-schema-graph\">{\"@context\":\"https:\/\/schema.org\",\"@graph\":[{\"@type\":\"WebPage\",\"@id\":\"https:\/\/pprc.ca\/fr\/comment-nous-aidons-les-employeurs\/\",\"url\":\"https:\/\/pprc.ca\/fr\/comment-nous-aidons-les-employeurs\/\",\"name\":\"Services aux personnes handicap\u00e9es \u2013 Ottawa | \u00c9cole professionnelle \u2013 Partenariats avec des employeurs\",\"isPartOf\":{\"@id\":\"https:\/\/pprc.ca\/fr\/#website\"},\"datePublished\":\"2022-12-06T19:48:12+00:00\",\"dateModified\":\"2022-12-23T17:04:13+00:00\",\"description\":\"Performance Plus \u2013 Soins en R\u00e9adaptation est une compagnie bilingue sp\u00e9cialis\u00e9e en r\u00e9adaptation et offrant des services d\u2019\u00e9valuation, d\u2019ajustement \u00e0 un handicap et d\u2019aide au retour au travail\",\"breadcrumb\":{\"@id\":\"https:\/\/pprc.ca\/fr\/comment-nous-aidons-les-employeurs\/#breadcrumb\"},\"inLanguage\":\"fr-FR\",\"potentialAction\":[{\"@type\":\"ReadAction\",\"target\":[\"https:\/\/pprc.ca\/fr\/comment-nous-aidons-les-employeurs\/\"]}]},{\"@type\":\"BreadcrumbList\",\"@id\":\"https:\/\/pprc.ca\/fr\/comment-nous-aidons-les-employeurs\/#breadcrumb\",\"itemListElement\":[{\"@type\":\"ListItem\",\"position\":1,\"name\":\"Accueil\",\"item\":\"https:\/\/pprc.ca\/fr\/\"},{\"@type\":\"ListItem\",\"position\":2,\"name\":\"Comment nous aidons les employeurs\"}]},{\"@type\":\"WebSite\",\"@id\":\"https:\/\/pprc.ca\/fr\/#website\",\"url\":\"https:\/\/pprc.ca\/fr\/\",\"name\":\"Performance Plus - Soins en R\u00e9adaptation inc.\",\"description\":\"\",\"publisher\":{\"@id\":\"https:\/\/pprc.ca\/fr\/#organization\"},\"potentialAction\":[{\"@type\":\"SearchAction\",\"target\":{\"@type\":\"EntryPoint\",\"urlTemplate\":\"https:\/\/pprc.ca\/fr\/?s={search_term_string}\"},\"query-input\":\"required name=search_term_string\"}],\"inLanguage\":\"fr-FR\"},{\"@type\":\"Organization\",\"@id\":\"https:\/\/pprc.ca\/fr\/#organization\",\"name\":\"Performance Plus - Soins en R\u00e9adaptation inc.\",\"url\":\"https:\/\/pprc.ca\/fr\/\",\"logo\":{\"@type\":\"ImageObject\",\"inLanguage\":\"fr-FR\",\"@id\":\"https:\/\/pprc.ca\/fr\/#\/schema\/logo\/image\/\",\"url\":\"https:\/\/pprc.ca\/wp-content\/uploads\/2022\/12\/PPSR-logo-icon-1.png\",\"contentUrl\":\"https:\/\/pprc.ca\/wp-content\/uploads\/2022\/12\/PPSR-logo-icon-1.png\",\"width\":158,\"height\":148,\"caption\":\"Performance Plus - Soins en R\u00e9adaptation inc.\"},\"image\":{\"@id\":\"https:\/\/pprc.ca\/fr\/#\/schema\/logo\/image\/\"},\"sameAs\":[\"https:\/\/www.facebook.com\/Performance-Plus-Rehabilitative-Care-Inc-172441926133114\/\",\"https:\/\/twitter.com\/PPRCOttawa\",\"https:\/\/www.youtube.com\/channel\/UCBnhuJDUkY4Qmi94FKUKbSQ\",\"https:\/\/www.linkedin.com\/company\/performance-plus-rehabilitative-care-inc.\/\"]}]}<\/script>\n<!-- \/ Yoast SEO plugin. -->","yoast_head_json":{"title":"Services aux personnes handicap\u00e9es \u2013 Ottawa | \u00c9cole professionnelle \u2013 Partenariats avec des employeurs","description":"Performance Plus \u2013 Soins en R\u00e9adaptation est une compagnie bilingue sp\u00e9cialis\u00e9e en r\u00e9adaptation et offrant des services d\u2019\u00e9valuation, d\u2019ajustement \u00e0 un handicap et d\u2019aide au retour au travail","robots":{"index":"index","follow":"follow","max-snippet":"max-snippet:-1","max-image-preview":"max-image-preview:large","max-video-preview":"max-video-preview:-1"},"canonical":"https:\/\/pprc.ca\/fr\/comment-nous-aidons-les-employeurs\/","og_locale":"fr_FR","og_type":"article","og_title":"Services aux personnes handicap\u00e9es \u2013 Ottawa | \u00c9cole professionnelle \u2013 Partenariats avec des employeurs","og_description":"Performance Plus \u2013 Soins en R\u00e9adaptation est une compagnie bilingue sp\u00e9cialis\u00e9e en r\u00e9adaptation et offrant des services d\u2019\u00e9valuation, d\u2019ajustement \u00e0 un handicap et d\u2019aide au retour au travail","og_url":"https:\/\/pprc.ca\/fr\/comment-nous-aidons-les-employeurs\/","og_site_name":"Performance Plus - Soins en R\u00e9adaptation inc.","article_publisher":"https:\/\/www.facebook.com\/Performance-Plus-Rehabilitative-Care-Inc-172441926133114\/","article_modified_time":"2022-12-23T17:04:13+00:00","og_image":[{"url":"https:\/\/pprc.ca\/wp-content\/uploads\/2022\/12\/PPRC-1648-sitting-around-conference-table.jpg"}],"twitter_card":"summary_large_image","twitter_site":"@PPRCOttawa","twitter_misc":{"Dur\u00e9e de lecture estim\u00e9e":"3 minutes"},"schema":{"@context":"https:\/\/schema.org","@graph":[{"@type":"WebPage","@id":"https:\/\/pprc.ca\/fr\/comment-nous-aidons-les-employeurs\/","url":"https:\/\/pprc.ca\/fr\/comment-nous-aidons-les-employeurs\/","name":"Services aux personnes handicap\u00e9es \u2013 Ottawa | \u00c9cole professionnelle \u2013 Partenariats avec des employeurs","isPartOf":{"@id":"https:\/\/pprc.ca\/fr\/#website"},"datePublished":"2022-12-06T19:48:12+00:00","dateModified":"2022-12-23T17:04:13+00:00","description":"Performance Plus \u2013 Soins en R\u00e9adaptation est une compagnie bilingue sp\u00e9cialis\u00e9e en r\u00e9adaptation et offrant des services d\u2019\u00e9valuation, d\u2019ajustement \u00e0 un handicap et d\u2019aide au retour au travail","breadcrumb":{"@id":"https:\/\/pprc.ca\/fr\/comment-nous-aidons-les-employeurs\/#breadcrumb"},"inLanguage":"fr-FR","potentialAction":[{"@type":"ReadAction","target":["https:\/\/pprc.ca\/fr\/comment-nous-aidons-les-employeurs\/"]}]},{"@type":"BreadcrumbList","@id":"https:\/\/pprc.ca\/fr\/comment-nous-aidons-les-employeurs\/#breadcrumb","itemListElement":[{"@type":"ListItem","position":1,"name":"Accueil","item":"https:\/\/pprc.ca\/fr\/"},{"@type":"ListItem","position":2,"name":"Comment nous aidons les employeurs"}]},{"@type":"WebSite","@id":"https:\/\/pprc.ca\/fr\/#website","url":"https:\/\/pprc.ca\/fr\/","name":"Performance Plus - Soins en R\u00e9adaptation inc.","description":"","publisher":{"@id":"https:\/\/pprc.ca\/fr\/#organization"},"potentialAction":[{"@type":"SearchAction","target":{"@type":"EntryPoint","urlTemplate":"https:\/\/pprc.ca\/fr\/?s={search_term_string}"},"query-input":"required name=search_term_string"}],"inLanguage":"fr-FR"},{"@type":"Organization","@id":"https:\/\/pprc.ca\/fr\/#organization","name":"Performance Plus - Soins en R\u00e9adaptation inc.","url":"https:\/\/pprc.ca\/fr\/","logo":{"@type":"ImageObject","inLanguage":"fr-FR","@id":"https:\/\/pprc.ca\/fr\/#\/schema\/logo\/image\/","url":"https:\/\/pprc.ca\/wp-content\/uploads\/2022\/12\/PPSR-logo-icon-1.png","contentUrl":"https:\/\/pprc.ca\/wp-content\/uploads\/2022\/12\/PPSR-logo-icon-1.png","width":158,"height":148,"caption":"Performance Plus - Soins en R\u00e9adaptation inc."},"image":{"@id":"https:\/\/pprc.ca\/fr\/#\/schema\/logo\/image\/"},"sameAs":["https:\/\/www.facebook.com\/Performance-Plus-Rehabilitative-Care-Inc-172441926133114\/","https:\/\/twitter.com\/PPRCOttawa","https:\/\/www.youtube.com\/channel\/UCBnhuJDUkY4Qmi94FKUKbSQ","https:\/\/www.linkedin.com\/company\/performance-plus-rehabilitative-care-inc.\/"]}]}},"jetpack_sharing_enabled":true,"_links":{"self":[{"href":"https:\/\/pprc.ca\/fr\/wp-json\/wp\/v2\/pages\/512","targetHints":{"allow":["GET"]}}],"collection":[{"href":"https:\/\/pprc.ca\/fr\/wp-json\/wp\/v2\/pages"}],"about":[{"href":"https:\/\/pprc.ca\/fr\/wp-json\/wp\/v2\/types\/page"}],"author":[{"embeddable":true,"href":"https:\/\/pprc.ca\/fr\/wp-json\/wp\/v2\/users\/1"}],"replies":[{"embeddable":true,"href":"https:\/\/pprc.ca\/fr\/wp-json\/wp\/v2\/comments?post=512"}],"version-history":[{"count":22,"href":"https:\/\/pprc.ca\/fr\/wp-json\/wp\/v2\/pages\/512\/revisions"}],"predecessor-version":[{"id":959,"href":"https:\/\/pprc.ca\/fr\/wp-json\/wp\/v2\/pages\/512\/revisions\/959"}],"wp:attachment":[{"href":"https:\/\/pprc.ca\/fr\/wp-json\/wp\/v2\/media?parent=512"}],"curies":[{"name":"wp","href":"https:\/\/api.w.org\/{rel}","templated":true}]}}