{"id":526,"date":"2022-12-06T18:46:45","date_gmt":"2022-12-06T23:46:45","guid":{"rendered":"http:\/\/ppr-04.eproofs.ca\/le-choix-dune-nouvelle-carriere\/opportunites-de-placements-remuneres\/"},"modified":"2022-12-07T19:29:04","modified_gmt":"2022-12-08T00:29:04","slug":"opportunites-de-placements-remuneres","status":"publish","type":"page","link":"https:\/\/pprc.ca\/fr\/le-choix-dune-nouvelle-carriere\/opportunites-de-placements-remuneres\/","title":{"rendered":"Opportunit\u00e9s de placements r\u00e9mun\u00e9r\u00e9s"},"content":{"rendered":"<div class=\"wp-block-group\"><div class=\"wp-block-group__inner-container is-layout-constrained wp-block-group-is-layout-constrained\"><p>PPSR aide ses clients aux prises avec un handicap a \u00e9tablir un objectif de carri\u00e8re et \u00e0 s\u2019assurer d\u2019un emploi r\u00e9mun\u00e9r\u00e9. Le Programme de placement d\u2019emploi est l\u2019un des nombreux services que nous offrons en collaboration avec le Programme ontarien de soutien aux personnes handicap\u00e9es \u2013 Soutien \u00e0 l\u2019emploi.<\/p>\n\n<p>Durant l\u2019\u00e9tape de planification de notre processus d\u2019embauche, nous effectuons des entrevues de premier contact avec nos clients afin de d\u00e9terminer leurs ant\u00e9c\u00e9dents professionnels, leurs int\u00e9r\u00eats, leur formation acad\u00e9mique, leur historique m\u00e9dical et les questions concernant l\u2019ajustement sp\u00e9cifique \u00e0 leur handicap. Nous identifions l\u2019objectif d\u2019emploi du client. Un objectif qui est r\u00e9alisable et disponible sur le march\u00e9. Nous fournissons alors un accompagnement professionnel et un soutien de formation afin de nous assurer que le client est pr\u00eat \u00e0 r\u00e9int\u00e9grer le march\u00e9 du travail. Une fois que le client est fin pr\u00eat, nous coordonnons une opportunit\u00e9 de placement r\u00e9mun\u00e9r\u00e9, soit \u00e0 temps partiel, \u00e0 temps plein, ou de travail autonome, selon les besoins et aptitudes uniques de chaque individu.<\/p>\n\n<div class=\"wp-block-buttons is-layout-flex wp-block-buttons-is-layout-flex\"><div class=\"wp-block-button\"><a class=\"wp-block-button__link wp-element-button\" href=\"#part-time\">Temps partiel<\/a><\/div>\n\n<div class=\"wp-block-button\"><a class=\"wp-block-button__link wp-element-button\" href=\"#full-time\">Temps plein<\/a><\/div>\n\n<div class=\"wp-block-button\"><a class=\"wp-block-button__link wp-element-button\" href=\"#self-employment\">Travail autonome<\/a><\/div><\/div>\n\n<p>Pour en d\u00e9couvrir encore plus sur nos opportunit\u00e9s de placements r\u00e9mun\u00e9r\u00e9s,\u00a0<a title=\"Contactez-nous\" href=\"https:\/\/pprc.ca\/fr\/contactez-nous\/\">veuillez nous contacter en cliquant ici<\/a>\u00a0d\u00e8s aujourd\u2019hui.<\/p><\/div><\/div><div class=\"wp-block-group alignfull\" id=\"part-time\"><div class=\"wp-block-group__inner-container is-layout-constrained wp-block-group-is-layout-constrained\"><h2 class=\"wp-block-heading\">Temps partiel<\/h2>\n\n<p>Accepter un placement r\u00e9mun\u00e9r\u00e9 \u00e0 temps partiel peut s\u2019av\u00e9rer une solution id\u00e9ale pour les individus ayant un handicap quelconque et qui d\u00e9sirent r\u00e9int\u00e9grer plus graduellement le march\u00e9 du travail, ou encore pour ceux et celles aux prises avec une endurance physique ou \u00e9motionnelle limit\u00e9e. PPSR peut venir en aide aux personnes aux prises avec un handicap ou un d\u00e9savantage social, les pr\u00e9parer pour le travail \u00e0 temps partiel et trouver une solution professionnelle \u00e0 temps partiel qui corresponde \u00e0 leurs besoins et leur situation particuli\u00e8re.<\/p><\/div><\/div><div class=\"wp-block-group alignfull\" id=\"full-time\"><div class=\"wp-block-group__inner-container is-layout-constrained wp-block-group-is-layout-constrained\"><h2 class=\"wp-block-heading\">Temps plein<\/h2>\n\n<p>PPSR peut venir en aide \u00e0 ceux et celles aux prises avec un handicap ou des d\u00e9savantages sociaux, les pr\u00e9parer \u00e0 retourner au travail ou \u00e0 entamer les premi\u00e8res \u00e9tapes vers un nouveau cheminement de carri\u00e8re. Nous sommes en mesure d\u2019offrir des conseils et un encadrement sur les ajustements \u00e0 un handicap ou une d\u00e9ficience, de fournir un accompagnement de carri\u00e8re et de trouver une solution d\u2019emploi \u00e0 temps plein avec l\u2019un ou l\u2019autre des <a href=\"https:\/\/pprc.ca\/fr\/qui-sommes-nous\/#our-network\">employeurs au sein de notre\u00a0r\u00e9seau\u00a0<\/a>qui correspondra aux besoins du client et \u00e0 sa situation particuli\u00e8re.<\/p><\/div><\/div><div class=\"wp-block-group alignfull\" id=\"self-employment\"><div class=\"wp-block-group__inner-container is-layout-constrained wp-block-group-is-layout-constrained\"><h2 class=\"wp-block-heading\">Travail autonome<\/h2>\n\n<p>PPSR fournit soutien et encadrement aux gens aux prises avec un handicap ou un d\u00e9savantage social en les aidant \u00e0 d\u00e9buter une nouvelle carri\u00e8re qui leur tiendra vraiment \u00e0 c\u0153ur \u2013 gr\u00e2ce au travail autonome. PPSR se d\u00e9die \u00e0 mener ses clients tout droit vers le succ\u00e8s! Nous aidons nos clients \u00e0 identifier les obstacles se retrouvant sur le chemin de leurs objectifs d\u2019affaires, ainsi qu\u2019\u00e0 \u00e9laborer une strat\u00e9gie visant \u00e0 contourner ces obstacles. Nous offrons \u00e9galement notre aide pour l\u2019\u00e9laboration d\u2019un plan d\u2019affaires, des objectifs strat\u00e9giques et des \u00e9tapes cl\u00e9s de leur op\u00e9ration de d\u00e9marrage d\u2019entreprise.<\/p><\/div><\/div>","protected":false},"excerpt":{"rendered":"<p>PPSR aide ses clients aux prises avec un handicap a \u00e9tablir un objectif de carri\u00e8re et \u00e0 s\u2019assurer d\u2019un emploi r\u00e9mun\u00e9r\u00e9. Le Programme de placement d\u2019emploi est l\u2019un des nombreux services que nous offrons en collaboration avec le Programme ontarien de soutien aux personnes handicap\u00e9es \u2013 Soutien \u00e0 l\u2019emploi. Durant l\u2019\u00e9tape de planification de notre [&hellip;]<\/p>\n","protected":false},"author":1,"featured_media":0,"parent":495,"menu_order":0,"comment_status":"closed","ping_status":"closed","template":"","meta":{"inline_featured_image":false,"_lmt_disableupdate":"","_lmt_disable":"","footnotes":""},"class_list":["post-526","page","type-page","status-publish","hentry"],"acf":[],"yoast_head":"<!-- This site is optimized with the Yoast SEO plugin v21.7 - https:\/\/yoast.com\/wordpress\/plugins\/seo\/ -->\n<title>Formulaires de services aux personnes handicap\u00e9es | Services professionnels \u2013 Occasions de placement<\/title>\n<meta name=\"description\" content=\"Performance Plus \u2013 Soins en R\u00e9adaptation est une compagnie bilingue sp\u00e9cialis\u00e9e en r\u00e9adaptation et offrant des services d\u2019\u00e9valuation, d\u2019ajustement \u00e0 un handicap et d\u2019aide au retour au travail\" \/>\n<meta name=\"robots\" content=\"index, follow, max-snippet:-1, max-image-preview:large, max-video-preview:-1\" \/>\n<link rel=\"canonical\" href=\"https:\/\/pprc.ca\/fr\/le-choix-dune-nouvelle-carriere\/opportunites-de-placements-remuneres\/\" \/>\n<meta property=\"og:locale\" content=\"fr_FR\" \/>\n<meta property=\"og:type\" content=\"article\" \/>\n<meta property=\"og:title\" content=\"Formulaires de services aux personnes handicap\u00e9es | Services professionnels \u2013 Occasions de placement\" \/>\n<meta property=\"og:description\" content=\"Performance Plus \u2013 Soins en R\u00e9adaptation est une compagnie bilingue sp\u00e9cialis\u00e9e en r\u00e9adaptation et offrant des services d\u2019\u00e9valuation, d\u2019ajustement \u00e0 un handicap et d\u2019aide au retour au travail\" \/>\n<meta property=\"og:url\" content=\"https:\/\/pprc.ca\/fr\/le-choix-dune-nouvelle-carriere\/opportunites-de-placements-remuneres\/\" \/>\n<meta property=\"og:site_name\" content=\"Performance Plus - Soins en R\u00e9adaptation inc.\" \/>\n<meta property=\"article:publisher\" content=\"https:\/\/www.facebook.com\/Performance-Plus-Rehabilitative-Care-Inc-172441926133114\/\" \/>\n<meta property=\"article:modified_time\" content=\"2022-12-08T00:29:04+00:00\" \/>\n<meta name=\"twitter:card\" content=\"summary_large_image\" \/>\n<meta name=\"twitter:site\" content=\"@PPRCOttawa\" \/>\n<meta name=\"twitter:label1\" content=\"Dur\u00e9e de lecture estim\u00e9e\" \/>\n\t<meta name=\"twitter:data1\" content=\"3 minutes\" \/>\n<script type=\"application\/ld+json\" class=\"yoast-schema-graph\">{\"@context\":\"https:\/\/schema.org\",\"@graph\":[{\"@type\":\"WebPage\",\"@id\":\"https:\/\/pprc.ca\/fr\/le-choix-dune-nouvelle-carriere\/opportunites-de-placements-remuneres\/\",\"url\":\"https:\/\/pprc.ca\/fr\/le-choix-dune-nouvelle-carriere\/opportunites-de-placements-remuneres\/\",\"name\":\"Formulaires de services aux personnes handicap\u00e9es | Services professionnels \u2013 Occasions de placement\",\"isPartOf\":{\"@id\":\"https:\/\/pprc.ca\/fr\/#website\"},\"datePublished\":\"2022-12-06T23:46:45+00:00\",\"dateModified\":\"2022-12-08T00:29:04+00:00\",\"description\":\"Performance Plus \u2013 Soins en R\u00e9adaptation est une compagnie bilingue sp\u00e9cialis\u00e9e en r\u00e9adaptation et offrant des services d\u2019\u00e9valuation, d\u2019ajustement \u00e0 un handicap et d\u2019aide au retour au travail\",\"breadcrumb\":{\"@id\":\"https:\/\/pprc.ca\/fr\/le-choix-dune-nouvelle-carriere\/opportunites-de-placements-remuneres\/#breadcrumb\"},\"inLanguage\":\"fr-FR\",\"potentialAction\":[{\"@type\":\"ReadAction\",\"target\":[\"https:\/\/pprc.ca\/fr\/le-choix-dune-nouvelle-carriere\/opportunites-de-placements-remuneres\/\"]}]},{\"@type\":\"BreadcrumbList\",\"@id\":\"https:\/\/pprc.ca\/fr\/le-choix-dune-nouvelle-carriere\/opportunites-de-placements-remuneres\/#breadcrumb\",\"itemListElement\":[{\"@type\":\"ListItem\",\"position\":1,\"name\":\"Accueil\",\"item\":\"https:\/\/pprc.ca\/fr\/\"},{\"@type\":\"ListItem\",\"position\":2,\"name\":\"Le choix d\u2019une nouvelle carri\u00e8re\",\"item\":\"https:\/\/pprc.ca\/fr\/le-choix-dune-nouvelle-carriere\/\"},{\"@type\":\"ListItem\",\"position\":3,\"name\":\"Opportunit\u00e9s de placements r\u00e9mun\u00e9r\u00e9s\"}]},{\"@type\":\"WebSite\",\"@id\":\"https:\/\/pprc.ca\/fr\/#website\",\"url\":\"https:\/\/pprc.ca\/fr\/\",\"name\":\"Performance Plus - Soins en R\u00e9adaptation inc.\",\"description\":\"\",\"publisher\":{\"@id\":\"https:\/\/pprc.ca\/fr\/#organization\"},\"potentialAction\":[{\"@type\":\"SearchAction\",\"target\":{\"@type\":\"EntryPoint\",\"urlTemplate\":\"https:\/\/pprc.ca\/fr\/?s={search_term_string}\"},\"query-input\":\"required name=search_term_string\"}],\"inLanguage\":\"fr-FR\"},{\"@type\":\"Organization\",\"@id\":\"https:\/\/pprc.ca\/fr\/#organization\",\"name\":\"Performance Plus - Soins en R\u00e9adaptation inc.\",\"url\":\"https:\/\/pprc.ca\/fr\/\",\"logo\":{\"@type\":\"ImageObject\",\"inLanguage\":\"fr-FR\",\"@id\":\"https:\/\/pprc.ca\/fr\/#\/schema\/logo\/image\/\",\"url\":\"https:\/\/pprc.ca\/wp-content\/uploads\/2022\/12\/PPSR-logo-icon-1.png\",\"contentUrl\":\"https:\/\/pprc.ca\/wp-content\/uploads\/2022\/12\/PPSR-logo-icon-1.png\",\"width\":158,\"height\":148,\"caption\":\"Performance Plus - Soins en R\u00e9adaptation inc.\"},\"image\":{\"@id\":\"https:\/\/pprc.ca\/fr\/#\/schema\/logo\/image\/\"},\"sameAs\":[\"https:\/\/www.facebook.com\/Performance-Plus-Rehabilitative-Care-Inc-172441926133114\/\",\"https:\/\/twitter.com\/PPRCOttawa\",\"https:\/\/www.youtube.com\/channel\/UCBnhuJDUkY4Qmi94FKUKbSQ\",\"https:\/\/www.linkedin.com\/company\/performance-plus-rehabilitative-care-inc.\/\"]}]}<\/script>\n<!-- \/ Yoast SEO plugin. -->","yoast_head_json":{"title":"Formulaires de services aux personnes handicap\u00e9es | Services professionnels \u2013 Occasions de placement","description":"Performance Plus \u2013 Soins en R\u00e9adaptation est une compagnie bilingue sp\u00e9cialis\u00e9e en r\u00e9adaptation et offrant des services d\u2019\u00e9valuation, d\u2019ajustement \u00e0 un handicap et d\u2019aide au retour au travail","robots":{"index":"index","follow":"follow","max-snippet":"max-snippet:-1","max-image-preview":"max-image-preview:large","max-video-preview":"max-video-preview:-1"},"canonical":"https:\/\/pprc.ca\/fr\/le-choix-dune-nouvelle-carriere\/opportunites-de-placements-remuneres\/","og_locale":"fr_FR","og_type":"article","og_title":"Formulaires de services aux personnes handicap\u00e9es | Services professionnels \u2013 Occasions de placement","og_description":"Performance Plus \u2013 Soins en R\u00e9adaptation est une compagnie bilingue sp\u00e9cialis\u00e9e en r\u00e9adaptation et offrant des services d\u2019\u00e9valuation, d\u2019ajustement \u00e0 un handicap et d\u2019aide au retour au travail","og_url":"https:\/\/pprc.ca\/fr\/le-choix-dune-nouvelle-carriere\/opportunites-de-placements-remuneres\/","og_site_name":"Performance Plus - Soins en R\u00e9adaptation inc.","article_publisher":"https:\/\/www.facebook.com\/Performance-Plus-Rehabilitative-Care-Inc-172441926133114\/","article_modified_time":"2022-12-08T00:29:04+00:00","twitter_card":"summary_large_image","twitter_site":"@PPRCOttawa","twitter_misc":{"Dur\u00e9e de lecture estim\u00e9e":"3 minutes"},"schema":{"@context":"https:\/\/schema.org","@graph":[{"@type":"WebPage","@id":"https:\/\/pprc.ca\/fr\/le-choix-dune-nouvelle-carriere\/opportunites-de-placements-remuneres\/","url":"https:\/\/pprc.ca\/fr\/le-choix-dune-nouvelle-carriere\/opportunites-de-placements-remuneres\/","name":"Formulaires de services aux personnes handicap\u00e9es | Services professionnels \u2013 Occasions de placement","isPartOf":{"@id":"https:\/\/pprc.ca\/fr\/#website"},"datePublished":"2022-12-06T23:46:45+00:00","dateModified":"2022-12-08T00:29:04+00:00","description":"Performance Plus \u2013 Soins en R\u00e9adaptation est une compagnie bilingue sp\u00e9cialis\u00e9e en r\u00e9adaptation et offrant des services d\u2019\u00e9valuation, d\u2019ajustement \u00e0 un handicap et d\u2019aide au retour au travail","breadcrumb":{"@id":"https:\/\/pprc.ca\/fr\/le-choix-dune-nouvelle-carriere\/opportunites-de-placements-remuneres\/#breadcrumb"},"inLanguage":"fr-FR","potentialAction":[{"@type":"ReadAction","target":["https:\/\/pprc.ca\/fr\/le-choix-dune-nouvelle-carriere\/opportunites-de-placements-remuneres\/"]}]},{"@type":"BreadcrumbList","@id":"https:\/\/pprc.ca\/fr\/le-choix-dune-nouvelle-carriere\/opportunites-de-placements-remuneres\/#breadcrumb","itemListElement":[{"@type":"ListItem","position":1,"name":"Accueil","item":"https:\/\/pprc.ca\/fr\/"},{"@type":"ListItem","position":2,"name":"Le choix d\u2019une nouvelle carri\u00e8re","item":"https:\/\/pprc.ca\/fr\/le-choix-dune-nouvelle-carriere\/"},{"@type":"ListItem","position":3,"name":"Opportunit\u00e9s de placements r\u00e9mun\u00e9r\u00e9s"}]},{"@type":"WebSite","@id":"https:\/\/pprc.ca\/fr\/#website","url":"https:\/\/pprc.ca\/fr\/","name":"Performance Plus - Soins en R\u00e9adaptation inc.","description":"","publisher":{"@id":"https:\/\/pprc.ca\/fr\/#organization"},"potentialAction":[{"@type":"SearchAction","target":{"@type":"EntryPoint","urlTemplate":"https:\/\/pprc.ca\/fr\/?s={search_term_string}"},"query-input":"required name=search_term_string"}],"inLanguage":"fr-FR"},{"@type":"Organization","@id":"https:\/\/pprc.ca\/fr\/#organization","name":"Performance Plus - Soins en R\u00e9adaptation inc.","url":"https:\/\/pprc.ca\/fr\/","logo":{"@type":"ImageObject","inLanguage":"fr-FR","@id":"https:\/\/pprc.ca\/fr\/#\/schema\/logo\/image\/","url":"https:\/\/pprc.ca\/wp-content\/uploads\/2022\/12\/PPSR-logo-icon-1.png","contentUrl":"https:\/\/pprc.ca\/wp-content\/uploads\/2022\/12\/PPSR-logo-icon-1.png","width":158,"height":148,"caption":"Performance Plus - Soins en R\u00e9adaptation inc."},"image":{"@id":"https:\/\/pprc.ca\/fr\/#\/schema\/logo\/image\/"},"sameAs":["https:\/\/www.facebook.com\/Performance-Plus-Rehabilitative-Care-Inc-172441926133114\/","https:\/\/twitter.com\/PPRCOttawa","https:\/\/www.youtube.com\/channel\/UCBnhuJDUkY4Qmi94FKUKbSQ","https:\/\/www.linkedin.com\/company\/performance-plus-rehabilitative-care-inc.\/"]}]}},"jetpack_sharing_enabled":true,"_links":{"self":[{"href":"https:\/\/pprc.ca\/fr\/wp-json\/wp\/v2\/pages\/526","targetHints":{"allow":["GET"]}}],"collection":[{"href":"https:\/\/pprc.ca\/fr\/wp-json\/wp\/v2\/pages"}],"about":[{"href":"https:\/\/pprc.ca\/fr\/wp-json\/wp\/v2\/types\/page"}],"author":[{"embeddable":true,"href":"https:\/\/pprc.ca\/fr\/wp-json\/wp\/v2\/users\/1"}],"replies":[{"embeddable":true,"href":"https:\/\/pprc.ca\/fr\/wp-json\/wp\/v2\/comments?post=526"}],"version-history":[{"count":1,"href":"https:\/\/pprc.ca\/fr\/wp-json\/wp\/v2\/pages\/526\/revisions"}],"predecessor-version":[{"id":527,"href":"https:\/\/pprc.ca\/fr\/wp-json\/wp\/v2\/pages\/526\/revisions\/527"}],"up":[{"embeddable":true,"href":"https:\/\/pprc.ca\/fr\/wp-json\/wp\/v2\/pages\/495"}],"wp:attachment":[{"href":"https:\/\/pprc.ca\/fr\/wp-json\/wp\/v2\/media?parent=526"}],"curies":[{"name":"wp","href":"https:\/\/api.w.org\/{rel}","templated":true}]}}