{"id":555,"date":"2022-11-21T12:57:42","date_gmt":"2022-11-21T17:57:42","guid":{"rendered":"http:\/\/ppr-04.eproofs.ca\/accueil\/"},"modified":"2024-03-28T18:52:40","modified_gmt":"2024-03-28T22:52:40","slug":"accueil","status":"publish","type":"page","link":"https:\/\/pprc.ca\/fr\/","title":{"rendered":"Accueil"},"content":{"rendered":"<div class=\"wp-block-group alignfull thin has-theme-grey-background-color has-background\"><div class=\"wp-block-group__inner-container is-layout-constrained wp-block-group-is-layout-constrained\"><div class=\"wp-block-columns alignwide is-layout-flex wp-container-core-columns-is-layout-9d6595d7 wp-block-columns-is-layout-flex\"><div class=\"wp-block-column is-layout-flow wp-block-column-is-layout-flow\"><h2 class=\"wp-block-heading\">\u00c0 propos des services PPSR<\/h2>\n\n<p>Nous voulons que chaque client soit ravi de nos services et veille \u00e0 ce que la transition vers le travail soit positive.<\/p><\/div>\n\n<div class=\"wp-block-column is-layout-flow wp-block-column-is-layout-flow\"><\/div><\/div>\n\n<div id=\"block_9d2ebbc42a97f96a19ea64a180b2e107\" class=\"card-grid alignwide\">\r\n\r\n\t\t<a class=\"card card--\" href=\"https:\/\/pprc.ca\/fr\/le-choix-dune-nouvelle-carriere\/\"><div class=\"card-image-wrap color--accent\"><div class=\"card-image\"><img loading=\"lazy\" decoding=\"async\" width=\"514\" height=\"301\" src=\"https:\/\/pprc.ca\/wp-content\/uploads\/2022\/12\/PPRC-employees-talking-in-hallway.jpg\" class=\"attachment-large size-large\" alt=\"PPRC employees talking in hallway\" srcset=\"https:\/\/pprc.ca\/wp-content\/uploads\/2022\/12\/PPRC-employees-talking-in-hallway.jpg 514w, https:\/\/pprc.ca\/wp-content\/uploads\/2022\/12\/PPRC-employees-talking-in-hallway-300x176.jpg 300w\" sizes=\"auto, (max-width: 514px) 100vw, 514px\" \/><\/div><\/div><div class=\"card-content\"><div class=\"title\">Demandeurs d&#8217;emploi<\/div><div class=\"subtitle\">Trouver un emploi<\/div><div class=\"excerpt\">Nous offrons une vari\u00e9t\u00e9 d&rsquo;options d&#8217;emploi pour les demandeurs d&#8217;emploi de toutes capacit\u00e9s et vous aidons \u00e0 s\u00e9lectionner la meilleure opportunit\u00e9 de r\u00e9ussite.<\/div><div class=\"readmore\">Lire la suite<\/div><\/div><\/a><a class=\"card card--\" href=\"https:\/\/pprc.ca\/fr\/comment-nous-aidons-les-employeurs\/\"><div class=\"card-image-wrap color--primary\"><div class=\"card-image\"><img loading=\"lazy\" decoding=\"async\" width=\"522\" height=\"309\" src=\"https:\/\/pprc.ca\/wp-content\/uploads\/2022\/12\/employees-looking-at-ipad-together.jpg\" class=\"attachment-large size-large\" alt=\"PPRC Employees looking at ipad together\" srcset=\"https:\/\/pprc.ca\/wp-content\/uploads\/2022\/12\/employees-looking-at-ipad-together.jpg 522w, https:\/\/pprc.ca\/wp-content\/uploads\/2022\/12\/employees-looking-at-ipad-together-300x178.jpg 300w\" sizes=\"auto, (max-width: 522px) 100vw, 522px\" \/><\/div><\/div><div class=\"card-content\"><div class=\"title\">Employeurs<\/div><div class=\"subtitle\">Trouver des employ\u00e9s<\/div><div class=\"excerpt\">Nous aidons les employeurs des secteurs public et priv\u00e9 \u00e0 trouver des employ\u00e9s fiables. Nous proposons des \u00e9valuations du lieu de travail, un placement direct et soutien \u00e0 l\u2019adaptation.<\/div><div class=\"readmore\">Lire la suite<\/div><\/div><\/a><a class=\"card card--\" href=\"https:\/\/pprc.ca\/fr\/le-choix-dune-nouvelle-carriere\/ressources\/\"><div class=\"card-image-wrap color--secondary\"><div class=\"card-image\"><img loading=\"lazy\" decoding=\"async\" width=\"1024\" height=\"683\" src=\"https:\/\/pprc.ca\/wp-content\/uploads\/2022\/12\/team-photo-around-boardroom-table-1024x683.jpg\" class=\"attachment-large size-large\" alt=\"\" srcset=\"https:\/\/pprc.ca\/wp-content\/uploads\/2022\/12\/team-photo-around-boardroom-table-1024x683.jpg 1024w, https:\/\/pprc.ca\/wp-content\/uploads\/2022\/12\/team-photo-around-boardroom-table-600x400.jpg 600w, https:\/\/pprc.ca\/wp-content\/uploads\/2022\/12\/team-photo-around-boardroom-table-300x200.jpg 300w, https:\/\/pprc.ca\/wp-content\/uploads\/2022\/12\/team-photo-around-boardroom-table.jpg 1200w\" sizes=\"auto, (max-width: 1024px) 100vw, 1024px\" \/><\/div><\/div><div class=\"card-content\"><div class=\"title\">Ressources d&rsquo;accessibilit\u00e9<\/div><div class=\"subtitle\"> Acc\u00e9der \u00e0 la page des ressources<\/div><div class=\"excerpt\">Pour des ressources communautaires, une formation vid\u00e9o gratuite, des webinaires \u00e0 venir et des nouvelles sur le handicap.<\/div><div class=\"readmore\">Lire la suite<\/div><\/div><\/a>\t\t\r\n\t<\/div><\/div><\/div><div class=\"wp-block-group alignfull\"><div class=\"wp-block-group__inner-container is-layout-constrained wp-block-group-is-layout-constrained\"><div class=\"wp-block-columns alignfull are-vertically-aligned-center video-row has-secondary-background-color has-background is-layout-flex wp-container-core-columns-is-layout-9d6595d7 wp-block-columns-is-layout-flex\"><div class=\"wp-block-column is-vertically-aligned-center is-layout-flow wp-block-column-is-layout-flow\"><h2 class=\"wp-block-heading\">Neurodiversit\u00e9 avec Wanda Deschamps<\/h2>\n\n<p>Le PPRC pr\u00e9sente trois pan\u00e9listes explorant la neurodiversit\u00e9 du point de vue du client, de l&#8217;employeur et du fournisseur. Rejoignez Nicholas Wojitas, Paul \u00ab\u00a0Little Ray\u00a0\u00bb Goulet et Graziella Forbes dans cette discussion<\/p>\n\n<div class=\"wp-block-buttons is-layout-flex wp-block-buttons-is-layout-flex\"><div class=\"wp-block-button is-style-outline is-style-outline--1\"><a class=\"wp-block-button__link wp-element-button\" href=\"https:\/\/www.youtube.com\/watch?v=x5QkXj0iz3g\" target=\"_blank\" rel=\"noreferrer noopener\"> Regarder sur YouTube<\/a><\/div>\n\n<div class=\"wp-block-button is-style-outline is-style-outline--2\"><a class=\"wp-block-button__link has-theme-grey-background-color has-background wp-element-button\" href=\"https:\/\/www.youtube.com\/@pprc\" target=\"_blank\" rel=\"noreferrer noopener\">Explorez la cha\u00eene YouTube PPSR<\/a><\/div><\/div><\/div>\n\n<div class=\"wp-block-column is-vertically-aligned-center video-column is-layout-flow wp-block-column-is-layout-flow\"><figure class=\"wp-block-embed is-type-video is-provider-youtube wp-block-embed-youtube wp-embed-aspect-16-9 wp-has-aspect-ratio\">\r\n<div class=\"wp-block-embed__wrapper\">https:\/\/youtu.be\/x5QkXj0iz3g<\/div><\/figure><\/div><\/div><\/div><\/div><div class=\"wp-block-group alignfull\"><div class=\"wp-block-group__inner-container is-layout-constrained wp-block-group-is-layout-constrained\"><h2 class=\"wp-block-heading has-text-align-center\">Histoires \u00e0 succ\u00e8s<\/h2>\n\n<p class=\"has-text-align-center\">En tant que fournisseur de services approuv\u00e9 pour le Programme ontarien de soutien aux personnes handicap\u00e9es : Soutiens \u00e0 l&#8217;emploi, nous aidons les clients d&rsquo;Ottawa et des environs avec la planification de l&#8217;emploi, l&rsquo;encadrement professionnel et les stages depuis plus de 28 ans.<\/p>\n\n<div id=\"block_bb17d466fbe1edb85015ea7b6adf12bf\" class=\"card-grid card-grid--success_story alignwide\">\r\n\r\n\t\t<a class=\"card card--success_story\" href=\"https:\/\/pprc.ca\/fr\/histoires-a-succes\/utiliser-vos-competences-transferables\/\"><div class=\"card-image-wrap color--secondary\"><div class=\"card-image\"><img loading=\"lazy\" decoding=\"async\" width=\"1024\" height=\"771\" src=\"https:\/\/pprc.ca\/wp-content\/uploads\/2025\/05\/OPL-Photo-April-2025-1-1024x771.jpg\" class=\"attachment-large size-large\" alt=\"Marie Anick Brazeau avec Susan Foster debout dans la Biblioth\u00e8que publique d&#039;Ottawa devant les livres.\" srcset=\"https:\/\/pprc.ca\/wp-content\/uploads\/2025\/05\/OPL-Photo-April-2025-1-1024x771.jpg 1024w, https:\/\/pprc.ca\/wp-content\/uploads\/2025\/05\/OPL-Photo-April-2025-1-300x226.jpg 300w, https:\/\/pprc.ca\/wp-content\/uploads\/2025\/05\/OPL-Photo-April-2025-1-600x452.jpg 600w, https:\/\/pprc.ca\/wp-content\/uploads\/2025\/05\/OPL-Photo-April-2025-1-scaled.jpg 1920w\" sizes=\"auto, (max-width: 1024px) 100vw, 1024px\" \/><\/div><\/div><div class=\"card-content\"><div class=\"title\">UTILISER VOS COMP\u00c9TENCES TRANSF\u00c9RABLES<\/div><div class=\"excerpt\">Une carri\u00e8re \u00e0 la biblioth\u00e8que Les experts en ressources humaines soulignent souvent l&rsquo;importance des comp\u00e9tences transf\u00e9rables pour les chercheurs d&#8217;emploi qui souhaitent changer de direction professionnelle. Le blog du Niagara Institute de 2021 d\u00e9finit les comp\u00e9tences transf\u00e9rables comme \u00ab des habitudes, des aptitudes et des comp\u00e9tences qui vous permettent de r\u00e9ussir sur le march\u00e9 du [&hellip;]<\/div><div class=\"readmore\">Lire la suite<\/div><\/div><\/a><a class=\"card card--success_story\" href=\"https:\/\/pprc.ca\/fr\/histoires-a-succes\/utiliser-les-competences-que-vous-avez-maintenant\/\"><div class=\"card-image-wrap color--accent\"><div class=\"card-image\"><img loading=\"lazy\" decoding=\"async\" width=\"1024\" height=\"674\" src=\"https:\/\/pprc.ca\/wp-content\/uploads\/2025\/06\/NCC-Match-Photo-2-MM-Mar-24-2025-2-1024x674.jpg\" class=\"attachment-large size-large\" alt=\"Le chercheur d&#039;emploi Eamonn tenant un artefact se tient \u00e0 c\u00f4t\u00e9 de sa mentor Monica, qui tient un autre artefact. Ils se trouvent dans le laboratoire d&#039;arch\u00e9ologie.\" srcset=\"https:\/\/pprc.ca\/wp-content\/uploads\/2025\/06\/NCC-Match-Photo-2-MM-Mar-24-2025-2-1024x674.jpg 1024w, https:\/\/pprc.ca\/wp-content\/uploads\/2025\/06\/NCC-Match-Photo-2-MM-Mar-24-2025-2-300x197.jpg 300w, https:\/\/pprc.ca\/wp-content\/uploads\/2025\/06\/NCC-Match-Photo-2-MM-Mar-24-2025-2-600x395.jpg 600w, https:\/\/pprc.ca\/wp-content\/uploads\/2025\/06\/NCC-Match-Photo-2-MM-Mar-24-2025-2.jpg 1837w\" sizes=\"auto, (max-width: 1024px) 100vw, 1024px\" \/><\/div><\/div><div class=\"card-content\"><div class=\"title\">Utiliser les comp\u00e9tences que vous avez maintenant<\/div><div class=\"excerpt\">Une carri\u00e8re en arch\u00e9ologie &nbsp;Trouver un emploi dans le domaine de l&rsquo;arch\u00e9ologie peut sembler \u00eatre un d\u00e9fi de taille \u00e0 Ottawa, o\u00f9 les hivers sont froids et le sol gel\u00e9, recouvert de neige pendant des mois. Pourtant, pour ceux qui aiment creuser dans la terre et d\u00e9couvrir l\u2019histoire cach\u00e9e de la capitale du Canada, il [&hellip;]<\/div><div class=\"readmore\">Lire la suite<\/div><\/div><\/a><a class=\"card card--success_story\" href=\"https:\/\/pprc.ca\/fr\/histoires-a-succes\/tellement-de-talent-a-offrir\/\"><div class=\"card-image-wrap color--accent\"><div class=\"card-image\"><img loading=\"lazy\" decoding=\"async\" width=\"441\" height=\"596\" src=\"https:\/\/pprc.ca\/wp-content\/uploads\/2025\/05\/City-of-Ottawa-SB-NB-Match-Feb-25-2025.jpg\" class=\"attachment-large size-large\" alt=\"Stephanie Bordage, directrice conjointe des services sociaux et de l&#039;emploi, des services communautaires et sociaux de la ville\" srcset=\"https:\/\/pprc.ca\/wp-content\/uploads\/2025\/05\/City-of-Ottawa-SB-NB-Match-Feb-25-2025.jpg 441w, https:\/\/pprc.ca\/wp-content\/uploads\/2025\/05\/City-of-Ottawa-SB-NB-Match-Feb-25-2025-222x300.jpg 222w\" sizes=\"auto, (max-width: 441px) 100vw, 441px\" \/><\/div><\/div><div class=\"card-content\"><div class=\"title\">TELLEMENT DE TALENT \u00c0 OFFRIR<\/div><div class=\"excerpt\">Une carri\u00e8re en administration Lorsque vous arrivez dans un nouveau pays pour en faire votre maison, votre connaissance du march\u00e9 du travail local et de la mani\u00e8re dont vous pouvez utiliser votre talent peut \u00eatre limit\u00e9e. C&rsquo;\u00e9tait la situation de Nassima, une nouvelle arrivante. Elle avait occup\u00e9 divers postes de soutien administratif avant d&rsquo;\u00e9migrer \u00e0 [&hellip;]<\/div><div class=\"readmore\">Lire la suite<\/div><\/div><\/a>\r\n\t<\/div><\/div><\/div><div class=\"wp-block-group alignfull\"><div class=\"wp-block-group__inner-container is-layout-constrained wp-block-group-is-layout-constrained\"><div class=\"wp-block-media-text alignfull is-stacked-on-mobile has-secondary-background-color has-background\"><figure class=\"wp-block-media-text__media\"><img loading=\"lazy\" decoding=\"async\" width=\"950\" height=\"825\" src=\"https:\/\/pprc.ca\/wp-content\/uploads\/2024\/03\/Ppsr-Fr-Logo-Horizontal-Full-Color-Rgb-900px-w-72ppi-2.png\" alt=\"\" class=\"wp-image-1173 size-full\" srcset=\"https:\/\/pprc.ca\/wp-content\/uploads\/2024\/03\/Ppsr-Fr-Logo-Horizontal-Full-Color-Rgb-900px-w-72ppi-2.png 950w, https:\/\/pprc.ca\/wp-content\/uploads\/2024\/03\/Ppsr-Fr-Logo-Horizontal-Full-Color-Rgb-900px-w-72ppi-2-600x521.png 600w, https:\/\/pprc.ca\/wp-content\/uploads\/2024\/03\/Ppsr-Fr-Logo-Horizontal-Full-Color-Rgb-900px-w-72ppi-2-300x261.png 300w\" sizes=\"auto, (max-width: 950px) 100vw, 950px\" \/><\/figure><div class=\"wp-block-media-text__content\"><h2 class=\"wp-block-heading\">Programme de mentorat<\/h2>\n\n<p>Le programme de mentorat de PPSR associe ces clients \u00e0 des professionnels \u00e9tablis dans le domaine ou l&rsquo;industrie de leur choix parmi notre excellent r\u00e9seau d&rsquo;anciens clients et employeurs. Ces professionnels peuvent offrir une assistance et r\u00e9pondre \u00e0 toutes les questions d&rsquo;avancement de carri\u00e8re que nos clients pourraient avoir. Ils peuvent \u00e9galement donner acc\u00e8s \u00e0 des r\u00e9seaux et \u00e0 des contacts cl\u00e9s.<\/p>\n\n<div class=\"wp-block-buttons is-layout-flex wp-block-buttons-is-layout-flex\"><div class=\"wp-block-button is-style-outline is-style-outline--3\"><a class=\"wp-block-button__link wp-element-button\" href=\"https:\/\/pprc.ca\/fr\/le-choix-dune-nouvelle-carriere\/programme-de-mentorat\/\">Lire la suite<\/a><\/div><\/div><\/div><\/div><\/div><\/div>","protected":false},"excerpt":{"rendered":"<p>\u00c0 propos des services PPSR Nous voulons que chaque client soit ravi de nos services et veille \u00e0 ce que la transition vers le travail soit positive. Neurodiversit\u00e9 avec Wanda Deschamps Le PPRC pr\u00e9sente trois pan\u00e9listes explorant la neurodiversit\u00e9 du point de vue du client, de l&#8217;employeur et du fournisseur. Rejoignez Nicholas Wojitas, Paul \u00ab\u00a0Little [&hellip;]<\/p>\n","protected":false},"author":1,"featured_media":159,"parent":0,"menu_order":0,"comment_status":"closed","ping_status":"closed","template":"","meta":{"inline_featured_image":false,"_lmt_disableupdate":"","_lmt_disable":"","footnotes":""},"class_list":["post-555","page","type-page","status-publish","has-post-thumbnail","hentry"],"acf":[],"yoast_head":"<!-- This site is optimized with the Yoast SEO plugin v21.7 - https:\/\/yoast.com\/wordpress\/plugins\/seo\/ -->\n<title>Soutien aux personnes handicap\u00e9es \u00e0 Ottawa | Performance Plus<\/title>\n<meta name=\"description\" content=\"Performance Plus \u2013 Soins en R\u00e9adaptation inc. offre du counseling d&#039;emploi et un soutien aux personnes handicap\u00e9es dans la r\u00e9gion d&#039;Ottawa. Composez le 1-800-427-6214.\" \/>\n<meta name=\"robots\" content=\"index, follow, max-snippet:-1, max-image-preview:large, max-video-preview:-1\" \/>\n<link rel=\"canonical\" href=\"https:\/\/pprc.ca\/fr\/\" \/>\n<meta property=\"og:locale\" content=\"fr_FR\" \/>\n<meta property=\"og:type\" content=\"article\" \/>\n<meta property=\"og:title\" content=\"Soutien aux personnes handicap\u00e9es \u00e0 Ottawa | Performance Plus\" \/>\n<meta property=\"og:description\" content=\"Performance Plus \u2013 Soins en R\u00e9adaptation inc. offre du counseling d&#039;emploi et un soutien aux personnes handicap\u00e9es dans la r\u00e9gion d&#039;Ottawa. Composez le 1-800-427-6214.\" \/>\n<meta property=\"og:url\" content=\"https:\/\/pprc.ca\/fr\/\" \/>\n<meta property=\"og:site_name\" content=\"Performance Plus - Soins en R\u00e9adaptation inc.\" \/>\n<meta property=\"article:publisher\" content=\"https:\/\/www.facebook.com\/Performance-Plus-Rehabilitative-Care-Inc-172441926133114\/\" \/>\n<meta property=\"article:modified_time\" content=\"2024-03-28T22:52:40+00:00\" \/>\n<meta property=\"og:image\" content=\"https:\/\/pprc.ca\/wp-content\/uploads\/2022\/11\/IMG_9367.jpg\" \/>\n\t<meta property=\"og:image:width\" content=\"1000\" \/>\n\t<meta property=\"og:image:height\" content=\"667\" \/>\n\t<meta property=\"og:image:type\" content=\"image\/jpeg\" \/>\n<meta name=\"twitter:card\" content=\"summary_large_image\" \/>\n<meta name=\"twitter:site\" content=\"@PPRCOttawa\" \/>\n<meta name=\"twitter:label1\" content=\"Dur\u00e9e de lecture estim\u00e9e\" \/>\n\t<meta name=\"twitter:data1\" content=\"2 minutes\" \/>\n<script type=\"application\/ld+json\" class=\"yoast-schema-graph\">{\"@context\":\"https:\/\/schema.org\",\"@graph\":[{\"@type\":\"WebPage\",\"@id\":\"https:\/\/pprc.ca\/fr\/\",\"url\":\"https:\/\/pprc.ca\/fr\/\",\"name\":\"Soutien aux personnes handicap\u00e9es \u00e0 Ottawa | Performance Plus\",\"isPartOf\":{\"@id\":\"https:\/\/pprc.ca\/fr\/#website\"},\"datePublished\":\"2022-11-21T17:57:42+00:00\",\"dateModified\":\"2024-03-28T22:52:40+00:00\",\"description\":\"Performance Plus \u2013 Soins en R\u00e9adaptation inc. offre du counseling d'emploi et un soutien aux personnes handicap\u00e9es dans la r\u00e9gion d'Ottawa. Composez le 1-800-427-6214.\",\"breadcrumb\":{\"@id\":\"https:\/\/pprc.ca\/fr\/#breadcrumb\"},\"inLanguage\":\"fr-FR\",\"potentialAction\":[{\"@type\":\"ReadAction\",\"target\":[\"https:\/\/pprc.ca\/fr\/\"]}]},{\"@type\":\"BreadcrumbList\",\"@id\":\"https:\/\/pprc.ca\/fr\/#breadcrumb\",\"itemListElement\":[{\"@type\":\"ListItem\",\"position\":1,\"name\":\"Accueil\",\"item\":\"https:\/\/pprc.ca\/fr\/\"},{\"@type\":\"ListItem\",\"position\":2,\"name\":\"Accueil\"}]},{\"@type\":\"WebSite\",\"@id\":\"https:\/\/pprc.ca\/fr\/#website\",\"url\":\"https:\/\/pprc.ca\/fr\/\",\"name\":\"Performance Plus - Soins en R\u00e9adaptation inc.\",\"description\":\"\",\"publisher\":{\"@id\":\"https:\/\/pprc.ca\/fr\/#organization\"},\"potentialAction\":[{\"@type\":\"SearchAction\",\"target\":{\"@type\":\"EntryPoint\",\"urlTemplate\":\"https:\/\/pprc.ca\/fr\/?s={search_term_string}\"},\"query-input\":\"required name=search_term_string\"}],\"inLanguage\":\"fr-FR\"},{\"@type\":\"Organization\",\"@id\":\"https:\/\/pprc.ca\/fr\/#organization\",\"name\":\"Performance Plus - Soins en R\u00e9adaptation inc.\",\"url\":\"https:\/\/pprc.ca\/fr\/\",\"logo\":{\"@type\":\"ImageObject\",\"inLanguage\":\"fr-FR\",\"@id\":\"https:\/\/pprc.ca\/fr\/#\/schema\/logo\/image\/\",\"url\":\"https:\/\/pprc.ca\/wp-content\/uploads\/2022\/12\/PPSR-logo-icon-1.png\",\"contentUrl\":\"https:\/\/pprc.ca\/wp-content\/uploads\/2022\/12\/PPSR-logo-icon-1.png\",\"width\":158,\"height\":148,\"caption\":\"Performance Plus - Soins en R\u00e9adaptation inc.\"},\"image\":{\"@id\":\"https:\/\/pprc.ca\/fr\/#\/schema\/logo\/image\/\"},\"sameAs\":[\"https:\/\/www.facebook.com\/Performance-Plus-Rehabilitative-Care-Inc-172441926133114\/\",\"https:\/\/twitter.com\/PPRCOttawa\",\"https:\/\/www.youtube.com\/channel\/UCBnhuJDUkY4Qmi94FKUKbSQ\",\"https:\/\/www.linkedin.com\/company\/performance-plus-rehabilitative-care-inc.\/\"]}]}<\/script>\n<!-- \/ Yoast SEO plugin. -->","yoast_head_json":{"title":"Soutien aux personnes handicap\u00e9es \u00e0 Ottawa | Performance Plus","description":"Performance Plus \u2013 Soins en R\u00e9adaptation inc. offre du counseling d'emploi et un soutien aux personnes handicap\u00e9es dans la r\u00e9gion d'Ottawa. Composez le 1-800-427-6214.","robots":{"index":"index","follow":"follow","max-snippet":"max-snippet:-1","max-image-preview":"max-image-preview:large","max-video-preview":"max-video-preview:-1"},"canonical":"https:\/\/pprc.ca\/fr\/","og_locale":"fr_FR","og_type":"article","og_title":"Soutien aux personnes handicap\u00e9es \u00e0 Ottawa | Performance Plus","og_description":"Performance Plus \u2013 Soins en R\u00e9adaptation inc. offre du counseling d'emploi et un soutien aux personnes handicap\u00e9es dans la r\u00e9gion d'Ottawa. Composez le 1-800-427-6214.","og_url":"https:\/\/pprc.ca\/fr\/","og_site_name":"Performance Plus - Soins en R\u00e9adaptation inc.","article_publisher":"https:\/\/www.facebook.com\/Performance-Plus-Rehabilitative-Care-Inc-172441926133114\/","article_modified_time":"2024-03-28T22:52:40+00:00","og_image":[{"width":1000,"height":667,"url":"https:\/\/pprc.ca\/wp-content\/uploads\/2022\/11\/IMG_9367.jpg","type":"image\/jpeg"}],"twitter_card":"summary_large_image","twitter_site":"@PPRCOttawa","twitter_misc":{"Dur\u00e9e de lecture estim\u00e9e":"2 minutes"},"schema":{"@context":"https:\/\/schema.org","@graph":[{"@type":"WebPage","@id":"https:\/\/pprc.ca\/fr\/","url":"https:\/\/pprc.ca\/fr\/","name":"Soutien aux personnes handicap\u00e9es \u00e0 Ottawa | Performance Plus","isPartOf":{"@id":"https:\/\/pprc.ca\/fr\/#website"},"datePublished":"2022-11-21T17:57:42+00:00","dateModified":"2024-03-28T22:52:40+00:00","description":"Performance Plus \u2013 Soins en R\u00e9adaptation inc. offre du counseling d'emploi et un soutien aux personnes handicap\u00e9es dans la r\u00e9gion d'Ottawa. Composez le 1-800-427-6214.","breadcrumb":{"@id":"https:\/\/pprc.ca\/fr\/#breadcrumb"},"inLanguage":"fr-FR","potentialAction":[{"@type":"ReadAction","target":["https:\/\/pprc.ca\/fr\/"]}]},{"@type":"BreadcrumbList","@id":"https:\/\/pprc.ca\/fr\/#breadcrumb","itemListElement":[{"@type":"ListItem","position":1,"name":"Accueil","item":"https:\/\/pprc.ca\/fr\/"},{"@type":"ListItem","position":2,"name":"Accueil"}]},{"@type":"WebSite","@id":"https:\/\/pprc.ca\/fr\/#website","url":"https:\/\/pprc.ca\/fr\/","name":"Performance Plus - Soins en R\u00e9adaptation inc.","description":"","publisher":{"@id":"https:\/\/pprc.ca\/fr\/#organization"},"potentialAction":[{"@type":"SearchAction","target":{"@type":"EntryPoint","urlTemplate":"https:\/\/pprc.ca\/fr\/?s={search_term_string}"},"query-input":"required name=search_term_string"}],"inLanguage":"fr-FR"},{"@type":"Organization","@id":"https:\/\/pprc.ca\/fr\/#organization","name":"Performance Plus - Soins en R\u00e9adaptation inc.","url":"https:\/\/pprc.ca\/fr\/","logo":{"@type":"ImageObject","inLanguage":"fr-FR","@id":"https:\/\/pprc.ca\/fr\/#\/schema\/logo\/image\/","url":"https:\/\/pprc.ca\/wp-content\/uploads\/2022\/12\/PPSR-logo-icon-1.png","contentUrl":"https:\/\/pprc.ca\/wp-content\/uploads\/2022\/12\/PPSR-logo-icon-1.png","width":158,"height":148,"caption":"Performance Plus - Soins en R\u00e9adaptation inc."},"image":{"@id":"https:\/\/pprc.ca\/fr\/#\/schema\/logo\/image\/"},"sameAs":["https:\/\/www.facebook.com\/Performance-Plus-Rehabilitative-Care-Inc-172441926133114\/","https:\/\/twitter.com\/PPRCOttawa","https:\/\/www.youtube.com\/channel\/UCBnhuJDUkY4Qmi94FKUKbSQ","https:\/\/www.linkedin.com\/company\/performance-plus-rehabilitative-care-inc.\/"]}]}},"jetpack_sharing_enabled":true,"_links":{"self":[{"href":"https:\/\/pprc.ca\/fr\/wp-json\/wp\/v2\/pages\/555","targetHints":{"allow":["GET"]}}],"collection":[{"href":"https:\/\/pprc.ca\/fr\/wp-json\/wp\/v2\/pages"}],"about":[{"href":"https:\/\/pprc.ca\/fr\/wp-json\/wp\/v2\/types\/page"}],"author":[{"embeddable":true,"href":"https:\/\/pprc.ca\/fr\/wp-json\/wp\/v2\/users\/1"}],"replies":[{"embeddable":true,"href":"https:\/\/pprc.ca\/fr\/wp-json\/wp\/v2\/comments?post=555"}],"version-history":[{"count":15,"href":"https:\/\/pprc.ca\/fr\/wp-json\/wp\/v2\/pages\/555\/revisions"}],"predecessor-version":[{"id":1175,"href":"https:\/\/pprc.ca\/fr\/wp-json\/wp\/v2\/pages\/555\/revisions\/1175"}],"wp:featuredmedia":[{"embeddable":true,"href":"https:\/\/pprc.ca\/fr\/wp-json\/wp\/v2\/media\/159"}],"wp:attachment":[{"href":"https:\/\/pprc.ca\/fr\/wp-json\/wp\/v2\/media?parent=555"}],"curies":[{"name":"wp","href":"https:\/\/api.w.org\/{rel}","templated":true}]}}